{"id":73107,"date":"2016-07-11T14:00:08","date_gmt":"2016-07-11T12:00:08","guid":{"rendered":"http:\/\/pasodoble.dev.moewe.io\/leicht\/nicht-gefunden\/"},"modified":"2016-09-16T13:36:04","modified_gmt":"2016-09-16T11:36:04","slug":"nicht-gefunden","status":"publish","type":"page","link":"https:\/\/www.pasodoble.de\/leicht\/nicht-gefunden\/","title":{"rendered":"Nicht gefunden"},"content":{"rendered":"<div id=\"pasodoble-readspeaker-73107\"><div class=\"wpb-content-wrapper\"><p>[vc_row type=&#8221;container&#8221;][vc_column]<div id=\"readspeaker_button1\" class=\"rs_skip rsbtn rs_preserve\"><a rel=\"nofollow\" class=\"rsbtn_play\" accesskey=\"L\" title=\"Um den Text anzuh\u00f6ren, verwenden Sie bitte ReadSpeaker\" href=\"https:\/\/app-eu.readspeaker.com\/cgi-bin\/rsent?customerid=8650&amp;lang=de_de&amp;readid=pasodoble-readspeaker-73107&amp;url=https%3A%2F%2Fwww.pasodoble.de%2Fleicht%2Fnicht-gefunden%2F\">  <span class=\"rsbtn_left rsimg rspart\"><span class=\"rsbtn_text\"><span>Vorlesen<\/span><\/span><\/span>  <span class=\"rsbtn_right rsimg rsplay rspart\"><\/span><\/a><\/div>[\/vc_column][\/vc_row][vc_row type=&#8221;container&#8221;][vc_column][vc_column_text]<\/p>\n<h2>UUUUUUpppps<\/h2>\n<p>[\/vc_column_text][\/vc_column][\/vc_row][vc_row type=&#8221;container&#8221;][vc_column width=&#8221;1\/2&#8243;][vc_single_image image=&#8221;73127&#8243; img_size=&#8221;large&#8221;][\/vc_column][vc_column width=&#8221;1\/2&#8243;][vc_column_text]Na toll, jetzt haben Sie unsere Internetseite kaputt gemacht. Gro\u00dfe Klasse! Dabei hatten wir uns so viel M\u00fche gegeben.<\/p>\n<p>Aber keine Sorge, f\u00fcrs Reparieren sind wir ja schlie\u00dflich die Richtigen. Glauben Sie nicht?<\/p>\n<p>Dann klicken Sie gleich mal den button hier unten und alles funktioniert wieder. Wertarbeit eben ;)[\/vc_column_text][vc_btn title=&#8221;Reparieren!&#8221; style=&#8221;outline-custom&#8221; outline_custom_color=&#8221;#cc0000&#8243; outline_custom_hover_background=&#8221;#cc0000&#8243; outline_custom_hover_text=&#8221;#ffffff&#8221; shape=&#8221;square&#8221; size=&#8221;lg&#8221; align=&#8221;left&#8221; link=&#8221;url:http%3A%2F%2Fwww.pasodoble.de|||&#8221;][\/vc_column][\/vc_row]<\/p>\n<\/div><\/div>","protected":false},"excerpt":{"rendered":"<p>[vc_row type=&#8221;container&#8221;][vc_column][\/vc_column][\/vc_row][vc_row type=&#8221;container&#8221;][vc_column][vc_column_text] UUUUUUpppps [\/vc_column_text][\/vc_column][\/vc_row][vc_row type=&#8221;container&#8221;][vc_column width=&#8221;1\/2&#8243;][vc_single_image image=&#8221;73127&#8243; img_size=&#8221;large&#8221;][\/vc_column][vc_column width=&#8221;1\/2&#8243;][vc_column_text]Na toll, jetzt haben Sie unsere Internetseite kaputt gemacht. Gro\u00dfe Klasse! Dabei hatten wir uns so viel M\u00fche gegeben. Aber keine Sorge, f\u00fcrs Reparieren sind wir ja schlie\u00dflich die Richtigen. Glauben Sie nicht? Dann klicken Sie gleich mal den button hier unten und alles funktioniert wieder. [&hellip;]<\/p>\n","protected":false},"author":1,"featured_media":0,"parent":0,"menu_order":0,"comment_status":"closed","ping_status":"closed","template":"page-full-width.php","meta":{"_acf_changed":false,"footnotes":""},"class_list":["post-73107","page","type-page","status-publish","hentry"],"acf":[],"yoast_head":"<!-- This site is optimized with the Yoast SEO plugin v27.2 - https:\/\/yoast.com\/product\/yoast-seo-wordpress\/ -->\n<title>Nicht gefunden - paso doble %<\/title>\n<meta name=\"robots\" content=\"noindex, nofollow\" \/>\n<meta property=\"og:locale\" content=\"de_DE\" \/>\n<meta property=\"og:type\" content=\"article\" \/>\n<meta property=\"og:title\" content=\"Nicht gefunden - paso doble %\" \/>\n<meta property=\"og:description\" content=\"[vc_row type=&#8221;container&#8221;][vc_column][\/vc_column][\/vc_row][vc_row type=&#8221;container&#8221;][vc_column][vc_column_text] UUUUUUpppps [\/vc_column_text][\/vc_column][\/vc_row][vc_row type=&#8221;container&#8221;][vc_column width=&#8221;1\/2&#8243;][vc_single_image image=&#8221;73127&#8243; img_size=&#8221;large&#8221;][\/vc_column][vc_column width=&#8221;1\/2&#8243;][vc_column_text]Na toll, jetzt haben Sie unsere Internetseite kaputt gemacht. Gro\u00dfe Klasse! Dabei hatten wir uns so viel M\u00fche gegeben. Aber keine Sorge, f\u00fcrs Reparieren sind wir ja schlie\u00dflich die Richtigen. Glauben Sie nicht? Dann klicken Sie gleich mal den button hier unten und alles funktioniert wieder. [&hellip;]\" \/>\n<meta property=\"og:url\" content=\"https:\/\/www.pasodoble.de\/nicht-gefunden\/\" \/>\n<meta property=\"og:site_name\" content=\"paso doble\" \/>\n<meta property=\"article:modified_time\" content=\"2016-09-16T11:36:04+00:00\" \/>\n<meta name=\"twitter:card\" content=\"summary_large_image\" \/>\n<meta name=\"twitter:label1\" content=\"Est. reading time\" \/>\n\t<meta name=\"twitter:data1\" content=\"1 minute\" \/>\n<script type=\"application\/ld+json\" class=\"yoast-schema-graph\">{\"@context\":\"https:\/\/schema.org\",\"@graph\":[{\"@type\":\"WebPage\",\"@id\":\"https:\/\/www.pasodoble.de\/nicht-gefunden\/\",\"url\":\"https:\/\/www.pasodoble.de\/nicht-gefunden\/\",\"name\":\"Nicht gefunden - paso doble %\",\"isPartOf\":{\"@id\":\"https:\/\/www.pasodoble.de\/#website\"},\"datePublished\":\"2016-07-11T12:00:08+00:00\",\"dateModified\":\"2016-09-16T11:36:04+00:00\",\"breadcrumb\":{\"@id\":\"https:\/\/www.pasodoble.de\/nicht-gefunden\/#breadcrumb\"},\"inLanguage\":\"de-LEICHT\",\"potentialAction\":[{\"@type\":\"ReadAction\",\"target\":[\"https:\/\/www.pasodoble.de\/nicht-gefunden\/\"]}]},{\"@type\":\"BreadcrumbList\",\"@id\":\"https:\/\/www.pasodoble.de\/nicht-gefunden\/#breadcrumb\",\"itemListElement\":[{\"@type\":\"ListItem\",\"position\":1,\"name\":\"Start\",\"item\":\"https:\/\/www.pasodoble.de\/leicht\/\"},{\"@type\":\"ListItem\",\"position\":2,\"name\":\"Nicht gefunden\"}]},{\"@type\":\"WebSite\",\"@id\":\"https:\/\/www.pasodoble.de\/#website\",\"url\":\"https:\/\/www.pasodoble.de\/\",\"name\":\"paso doble\",\"description\":\"Inklusionsunternehmen\",\"potentialAction\":[{\"@type\":\"SearchAction\",\"target\":{\"@type\":\"EntryPoint\",\"urlTemplate\":\"https:\/\/www.pasodoble.de\/?s={search_term_string}\"},\"query-input\":{\"@type\":\"PropertyValueSpecification\",\"valueRequired\":true,\"valueName\":\"search_term_string\"}}],\"inLanguage\":\"de-LEICHT\"}]}<\/script>\n<!-- \/ Yoast SEO plugin. -->","yoast_head_json":{"title":"Nicht gefunden - paso doble %","robots":{"index":"noindex","follow":"nofollow"},"og_locale":"de_DE","og_type":"article","og_title":"Nicht gefunden - paso doble %","og_description":"[vc_row type=&#8221;container&#8221;][vc_column][\/vc_column][\/vc_row][vc_row type=&#8221;container&#8221;][vc_column][vc_column_text] UUUUUUpppps [\/vc_column_text][\/vc_column][\/vc_row][vc_row type=&#8221;container&#8221;][vc_column width=&#8221;1\/2&#8243;][vc_single_image image=&#8221;73127&#8243; img_size=&#8221;large&#8221;][\/vc_column][vc_column width=&#8221;1\/2&#8243;][vc_column_text]Na toll, jetzt haben Sie unsere Internetseite kaputt gemacht. Gro\u00dfe Klasse! Dabei hatten wir uns so viel M\u00fche gegeben. Aber keine Sorge, f\u00fcrs Reparieren sind wir ja schlie\u00dflich die Richtigen. Glauben Sie nicht? Dann klicken Sie gleich mal den button hier unten und alles funktioniert wieder. [&hellip;]","og_url":"https:\/\/www.pasodoble.de\/nicht-gefunden\/","og_site_name":"paso doble","article_modified_time":"2016-09-16T11:36:04+00:00","twitter_card":"summary_large_image","twitter_misc":{"Est. reading time":"1 minute"},"schema":{"@context":"https:\/\/schema.org","@graph":[{"@type":"WebPage","@id":"https:\/\/www.pasodoble.de\/nicht-gefunden\/","url":"https:\/\/www.pasodoble.de\/nicht-gefunden\/","name":"Nicht gefunden - paso doble %","isPartOf":{"@id":"https:\/\/www.pasodoble.de\/#website"},"datePublished":"2016-07-11T12:00:08+00:00","dateModified":"2016-09-16T11:36:04+00:00","breadcrumb":{"@id":"https:\/\/www.pasodoble.de\/nicht-gefunden\/#breadcrumb"},"inLanguage":"de-LEICHT","potentialAction":[{"@type":"ReadAction","target":["https:\/\/www.pasodoble.de\/nicht-gefunden\/"]}]},{"@type":"BreadcrumbList","@id":"https:\/\/www.pasodoble.de\/nicht-gefunden\/#breadcrumb","itemListElement":[{"@type":"ListItem","position":1,"name":"Start","item":"https:\/\/www.pasodoble.de\/leicht\/"},{"@type":"ListItem","position":2,"name":"Nicht gefunden"}]},{"@type":"WebSite","@id":"https:\/\/www.pasodoble.de\/#website","url":"https:\/\/www.pasodoble.de\/","name":"paso doble","description":"Inklusionsunternehmen","potentialAction":[{"@type":"SearchAction","target":{"@type":"EntryPoint","urlTemplate":"https:\/\/www.pasodoble.de\/?s={search_term_string}"},"query-input":{"@type":"PropertyValueSpecification","valueRequired":true,"valueName":"search_term_string"}}],"inLanguage":"de-LEICHT"}]}},"publishpress_future_action":{"enabled":false,"date":"2026-04-26 15:28:22","action":"change-status","newStatus":"draft","terms":[],"taxonomy":"translation_priority","extraData":[]},"publishpress_future_workflow_manual_trigger":{"enabledWorkflows":[]},"_links":{"self":[{"href":"https:\/\/www.pasodoble.de\/leicht\/wp-json\/wp\/v2\/pages\/73107","targetHints":{"allow":["GET"]}}],"collection":[{"href":"https:\/\/www.pasodoble.de\/leicht\/wp-json\/wp\/v2\/pages"}],"about":[{"href":"https:\/\/www.pasodoble.de\/leicht\/wp-json\/wp\/v2\/types\/page"}],"author":[{"embeddable":true,"href":"https:\/\/www.pasodoble.de\/leicht\/wp-json\/wp\/v2\/users\/1"}],"replies":[{"embeddable":true,"href":"https:\/\/www.pasodoble.de\/leicht\/wp-json\/wp\/v2\/comments?post=73107"}],"version-history":[{"count":5,"href":"https:\/\/www.pasodoble.de\/leicht\/wp-json\/wp\/v2\/pages\/73107\/revisions"}],"predecessor-version":[{"id":73130,"href":"https:\/\/www.pasodoble.de\/leicht\/wp-json\/wp\/v2\/pages\/73107\/revisions\/73130"}],"wp:attachment":[{"href":"https:\/\/www.pasodoble.de\/leicht\/wp-json\/wp\/v2\/media?parent=73107"}],"curies":[{"name":"wp","href":"https:\/\/api.w.org\/{rel}","templated":true}]}}