{"id":72758,"date":"2016-08-09T15:20:40","date_gmt":"2016-08-09T13:20:40","guid":{"rendered":"http:\/\/pasodoble.dev.moewe.io\/leicht\/gebaerdensprache\/"},"modified":"2017-07-19T12:57:17","modified_gmt":"2017-07-19T10:57:17","slug":"dgs","status":"publish","type":"page","link":"https:\/\/www.pasodoble.de\/leicht\/dgs\/","title":{"rendered":"Geb\u00e4rdensprache"},"content":{"rendered":"<div id=\"pasodoble-readspeaker-72758\"><div class=\"wpb-content-wrapper\"><p>[vc_row type=&#8221;container&#8221;][vc_column]<div id=\"readspeaker_button1\" class=\"rs_skip rsbtn rs_preserve\"><a rel=\"nofollow\" class=\"rsbtn_play\" accesskey=\"L\" title=\"Um den Text anzuh\u00f6ren, verwenden Sie bitte ReadSpeaker\" href=\"https:\/\/app-eu.readspeaker.com\/cgi-bin\/rsent?customerid=8650&amp;lang=de_de&amp;readid=pasodoble-readspeaker-72758&amp;url=https%3A%2F%2Fwww.pasodoble.de%2Fleicht%2Fdgs%2F\">  <span class=\"rsbtn_left rsimg rspart\"><span class=\"rsbtn_text\"><span>Vorlesen<\/span><\/span><\/span>  <span class=\"rsbtn_right rsimg rsplay rspart\"><\/span><\/a><\/div>[\/vc_column][\/vc_row][vc_row type=&#8221;container&#8221;][vc_column][vc_column_text]<\/p>\n<h2><strong>Geb\u00e4rdensprache<\/strong><\/h2>\n<p>Als geh\u00f6rloser Mensch ist es oftmals schwierig, sich verst\u00e4ndlich zu machen. Deshalb sind wir als Inklusionsunternehmen genau der richtige Ansprechpartner f\u00fcr Sie \u2013 egal ob als Dienstleister oder als Arbeitgeber.<br \/>\nDass wir Sie verstehen k\u00f6nnen, zeigen wir Ihnen in den folgenden drei Videos. Im ersten Video erfahren Sie, was das <a href=\"https:\/\/www.pasodoble.de\/\">Inklusionsunternehmen paso doble<\/a> \u00fcberhaupt ist und was uns auszeichnet.<\/p>\n<p>Das zweite Video sollten Sie sich unbedingt anschauen, wenn Sie einen <a href=\"https:\/\/www.pasodoble.de\/leicht\/leistungen\/\">Handwerker<\/a> suchen, der genau versteht, was Sie wollen. Selbstverst\u00e4ndlich schicken wir nur jemanden vorbei, der sich mit Ihnen in Geb\u00e4rdensprache unterhalten kann oder Sie zumindest versteht.<\/p>\n<p>Falls Sie geh\u00f6rlos sind und einen Job suchen, dann schauen Sie sich das dritte Video an. Denn selbstverst\u00e4ndlich sind Sie auch dann bei uns im Team herzlich willkommen. Auf unserer <a href=\"https:\/\/www.pasodoble.de\/leicht\/jobs\/\">Job-Seite<\/a> erfahren Sie, welche Stellen wir gerade frei haben.[\/vc_column_text][\/vc_column][\/vc_row][vc_row type=&#8221;container&#8221;][vc_column][vc_video link=&#8221;https:\/\/www.youtube.com\/watch?v=RsYFL7T5Dio&#8221; el_width=&#8221;90&#8243; title=&#8221;Was ist das paso doble? Eine Erkl\u00e4rung in Geb\u00e4rdensprache:&#8221;][\/vc_column][\/vc_row][vc_row type=&#8221;container&#8221;][vc_column][vc_video link=&#8221;https:\/\/www.youtube.com\/watch?v=a285ZEYADVk&#8221; el_width=&#8221;90&#8243; title=&#8221;Sie suchen als geh\u00f6rloser Mensch einen Handwerker, der Sie versteht? Dann sind Sie bei uns genau richtig:&#8221;][\/vc_column][\/vc_row][vc_row type=&#8221;container&#8221;][vc_column][vc_video link=&#8221;https:\/\/www.youtube.com\/watch?v=Kt0BgKivYbc&#8221; el_width=&#8221;90&#8243; title=&#8221;Sie sind geh\u00f6rlos und wollen f\u00fcr uns arbeiten? Wir haben einiges zu bieten:&#8221;][\/vc_column][\/vc_row]<\/p>\n<\/div><\/div>","protected":false},"excerpt":{"rendered":"<p>[vc_row type=&#8221;container&#8221;][vc_column][\/vc_column][\/vc_row][vc_row type=&#8221;container&#8221;][vc_column][vc_column_text] Geb\u00e4rdensprache Als geh\u00f6rloser Mensch ist es oftmals schwierig, sich verst\u00e4ndlich zu machen. Deshalb sind wir als Inklusionsunternehmen genau der richtige Ansprechpartner f\u00fcr Sie \u2013 egal ob als Dienstleister oder als Arbeitgeber. Dass wir Sie verstehen k\u00f6nnen, zeigen wir Ihnen in den folgenden drei Videos. Im ersten Video erfahren Sie, was das Inklusionsunternehmen [&hellip;]<\/p>\n","protected":false},"author":1,"featured_media":0,"parent":0,"menu_order":0,"comment_status":"closed","ping_status":"closed","template":"page-full-width.php","meta":{"_acf_changed":false,"footnotes":""},"class_list":["post-72758","page","type-page","status-publish","hentry"],"acf":[],"yoast_head":"<!-- This site is optimized with the Yoast SEO plugin v27.4 - https:\/\/yoast.com\/product\/yoast-seo-wordpress\/ -->\n<title>Geb\u00e4rdensprache | paso doble<\/title>\n<meta name=\"description\" content=\"Videos in Geb\u00e4rdensprache geben Ihnen alle Informationen \u00fcber das Inklusionsunternehmen paso doble.\" \/>\n<meta name=\"robots\" content=\"index, follow, max-snippet:-1, max-image-preview:large, max-video-preview:-1\" \/>\n<link rel=\"canonical\" href=\"https:\/\/www.pasodoble.de\/leicht\/dgs\/\" \/>\n<meta property=\"og:locale\" content=\"de_DE\" \/>\n<meta property=\"og:type\" content=\"article\" \/>\n<meta property=\"og:title\" content=\"Geb\u00e4rdensprache | paso doble\" \/>\n<meta property=\"og:description\" content=\"Videos in Geb\u00e4rdensprache geben Ihnen alle Informationen \u00fcber das Inklusionsunternehmen paso doble.\" \/>\n<meta property=\"og:url\" content=\"https:\/\/www.pasodoble.de\/leicht\/dgs\/\" \/>\n<meta property=\"og:site_name\" content=\"paso doble\" \/>\n<meta property=\"article:modified_time\" content=\"2017-07-19T10:57:17+00:00\" \/>\n<meta name=\"twitter:card\" content=\"summary_large_image\" \/>\n<meta name=\"twitter:label1\" content=\"Est. reading time\" \/>\n\t<meta name=\"twitter:data1\" content=\"1 minute\" \/>\n<script type=\"application\/ld+json\" class=\"yoast-schema-graph\">{\"@context\":\"https:\\\/\\\/schema.org\",\"@graph\":[{\"@type\":\"WebPage\",\"@id\":\"https:\\\/\\\/www.pasodoble.de\\\/leicht\\\/dgs\\\/\",\"url\":\"https:\\\/\\\/www.pasodoble.de\\\/leicht\\\/dgs\\\/\",\"name\":\"Geb\u00e4rdensprache | paso doble\",\"isPartOf\":{\"@id\":\"https:\\\/\\\/www.pasodoble.de\\\/#website\"},\"datePublished\":\"2016-08-09T13:20:40+00:00\",\"dateModified\":\"2017-07-19T10:57:17+00:00\",\"description\":\"Videos in Geb\u00e4rdensprache geben Ihnen alle Informationen \u00fcber das Inklusionsunternehmen paso doble.\",\"breadcrumb\":{\"@id\":\"https:\\\/\\\/www.pasodoble.de\\\/leicht\\\/dgs\\\/#breadcrumb\"},\"inLanguage\":\"de-LEICHT\",\"potentialAction\":[{\"@type\":\"ReadAction\",\"target\":[\"https:\\\/\\\/www.pasodoble.de\\\/leicht\\\/dgs\\\/\"]}]},{\"@type\":\"BreadcrumbList\",\"@id\":\"https:\\\/\\\/www.pasodoble.de\\\/leicht\\\/dgs\\\/#breadcrumb\",\"itemListElement\":[{\"@type\":\"ListItem\",\"position\":1,\"name\":\"Start\",\"item\":\"https:\\\/\\\/www.pasodoble.de\\\/leicht\\\/\"},{\"@type\":\"ListItem\",\"position\":2,\"name\":\"Geb\u00e4rdensprache\"}]},{\"@type\":\"WebSite\",\"@id\":\"https:\\\/\\\/www.pasodoble.de\\\/#website\",\"url\":\"https:\\\/\\\/www.pasodoble.de\\\/\",\"name\":\"paso doble\",\"description\":\"Inklusionsunternehmen\",\"potentialAction\":[{\"@type\":\"SearchAction\",\"target\":{\"@type\":\"EntryPoint\",\"urlTemplate\":\"https:\\\/\\\/www.pasodoble.de\\\/?s={search_term_string}\"},\"query-input\":{\"@type\":\"PropertyValueSpecification\",\"valueRequired\":true,\"valueName\":\"search_term_string\"}}],\"inLanguage\":\"de-LEICHT\"}]}<\/script>\n<!-- \/ Yoast SEO plugin. -->","yoast_head_json":{"title":"Geb\u00e4rdensprache | paso doble","description":"Videos in Geb\u00e4rdensprache geben Ihnen alle Informationen \u00fcber das Inklusionsunternehmen paso doble.","robots":{"index":"index","follow":"follow","max-snippet":"max-snippet:-1","max-image-preview":"max-image-preview:large","max-video-preview":"max-video-preview:-1"},"canonical":"https:\/\/www.pasodoble.de\/leicht\/dgs\/","og_locale":"de_DE","og_type":"article","og_title":"Geb\u00e4rdensprache | paso doble","og_description":"Videos in Geb\u00e4rdensprache geben Ihnen alle Informationen \u00fcber das Inklusionsunternehmen paso doble.","og_url":"https:\/\/www.pasodoble.de\/leicht\/dgs\/","og_site_name":"paso doble","article_modified_time":"2017-07-19T10:57:17+00:00","twitter_card":"summary_large_image","twitter_misc":{"Est. reading time":"1 minute"},"schema":{"@context":"https:\/\/schema.org","@graph":[{"@type":"WebPage","@id":"https:\/\/www.pasodoble.de\/leicht\/dgs\/","url":"https:\/\/www.pasodoble.de\/leicht\/dgs\/","name":"Geb\u00e4rdensprache | paso doble","isPartOf":{"@id":"https:\/\/www.pasodoble.de\/#website"},"datePublished":"2016-08-09T13:20:40+00:00","dateModified":"2017-07-19T10:57:17+00:00","description":"Videos in Geb\u00e4rdensprache geben Ihnen alle Informationen \u00fcber das Inklusionsunternehmen paso doble.","breadcrumb":{"@id":"https:\/\/www.pasodoble.de\/leicht\/dgs\/#breadcrumb"},"inLanguage":"de-LEICHT","potentialAction":[{"@type":"ReadAction","target":["https:\/\/www.pasodoble.de\/leicht\/dgs\/"]}]},{"@type":"BreadcrumbList","@id":"https:\/\/www.pasodoble.de\/leicht\/dgs\/#breadcrumb","itemListElement":[{"@type":"ListItem","position":1,"name":"Start","item":"https:\/\/www.pasodoble.de\/leicht\/"},{"@type":"ListItem","position":2,"name":"Geb\u00e4rdensprache"}]},{"@type":"WebSite","@id":"https:\/\/www.pasodoble.de\/#website","url":"https:\/\/www.pasodoble.de\/","name":"paso doble","description":"Inklusionsunternehmen","potentialAction":[{"@type":"SearchAction","target":{"@type":"EntryPoint","urlTemplate":"https:\/\/www.pasodoble.de\/?s={search_term_string}"},"query-input":{"@type":"PropertyValueSpecification","valueRequired":true,"valueName":"search_term_string"}}],"inLanguage":"de-LEICHT"}]}},"publishpress_future_action":{"enabled":false,"date":"2026-05-05 16:49:29","action":"change-status","newStatus":"draft","terms":[],"taxonomy":"translation_priority","extraData":[]},"publishpress_future_workflow_manual_trigger":{"enabledWorkflows":[]},"_links":{"self":[{"href":"https:\/\/www.pasodoble.de\/leicht\/wp-json\/wp\/v2\/pages\/72758","targetHints":{"allow":["GET"]}}],"collection":[{"href":"https:\/\/www.pasodoble.de\/leicht\/wp-json\/wp\/v2\/pages"}],"about":[{"href":"https:\/\/www.pasodoble.de\/leicht\/wp-json\/wp\/v2\/types\/page"}],"author":[{"embeddable":true,"href":"https:\/\/www.pasodoble.de\/leicht\/wp-json\/wp\/v2\/users\/1"}],"replies":[{"embeddable":true,"href":"https:\/\/www.pasodoble.de\/leicht\/wp-json\/wp\/v2\/comments?post=72758"}],"version-history":[{"count":16,"href":"https:\/\/www.pasodoble.de\/leicht\/wp-json\/wp\/v2\/pages\/72758\/revisions"}],"predecessor-version":[{"id":75344,"href":"https:\/\/www.pasodoble.de\/leicht\/wp-json\/wp\/v2\/pages\/72758\/revisions\/75344"}],"wp:attachment":[{"href":"https:\/\/www.pasodoble.de\/leicht\/wp-json\/wp\/v2\/media?parent=72758"}],"curies":[{"name":"wp","href":"https:\/\/api.w.org\/{rel}","templated":true}]}}