{"id":72617,"date":"2016-05-18T11:35:29","date_gmt":"2016-05-18T09:35:29","guid":{"rendered":"http:\/\/pasodoble.dev.moewe.io\/leicht\/unsere-leistungen\/hauswirtschaftsservice\/"},"modified":"2025-02-24T12:58:59","modified_gmt":"2025-02-24T11:58:59","slug":"kantine-vor-ort","status":"publish","type":"page","link":"https:\/\/www.pasodoble.de\/leicht\/leistungen\/kantine-vor-ort\/","title":{"rendered":"Kantine vor Ort"},"content":{"rendered":"<div id=\"pasodoble-readspeaker-72617\"><div class=\"wpb-content-wrapper\"><p>[vc_row type=&#8221;container&#8221; padding_top=&#8221;&#8221; padding_bottom=&#8221;&#8221; css=&#8221;.vc_custom_1444503683289{margin-bottom: 0px !important;}&#8221;][vc_column]<div id=\"readspeaker_button1\" class=\"rs_skip rsbtn rs_preserve\"><a rel=\"nofollow\" class=\"rsbtn_play\" accesskey=\"L\" title=\"Um den Text anzuh\u00f6ren, verwenden Sie bitte ReadSpeaker\" href=\"https:\/\/app-eu.readspeaker.com\/cgi-bin\/rsent?customerid=8650&amp;lang=de_de&amp;readid=pasodoble-readspeaker-72617&amp;url=https%3A%2F%2Fwww.pasodoble.de%2Fleicht%2Fleistungen%2Fkantine-vor-ort%2F\">  <span class=\"rsbtn_left rsimg rspart\"><span class=\"rsbtn_text\"><span>Vorlesen<\/span><\/span><\/span>  <span class=\"rsbtn_right rsimg rsplay rspart\"><\/span><\/a><\/div>[\/vc_column][\/vc_row][vc_row type=&#8221;container&#8221; padding_top=&#8221;&#8221; padding_bottom=&#8221;&#8221;][vc_column][vc_column_text css=&#8221;&#8221;]<\/p>\n<h2><strong>Kantine vor Ort<br \/>\n<\/strong><\/h2>\n<p>[\/vc_column_text][vc_column_text css=&#8221;&#8221;]<\/p>\n<h3 data-start=\"47\" data-end=\"111\"><strong data-start=\"51\" data-end=\"109\">Schul-Essen und mehr f\u00fcr Radeberg, Dresden und Umgebung<\/strong><\/h3>\n<p data-start=\"113\" data-end=\"187\">Wir liefern gesundes und leckeres Mittagessen.<br data-start=\"159\" data-end=\"162\" \/>Unsere K\u00fcche kocht f\u00fcr:<\/p>\n<ul data-start=\"188\" data-end=\"286\">\n<li data-start=\"188\" data-end=\"220\"><strong data-start=\"190\" data-end=\"218\">Kinder-G\u00e4rten und Schulen<\/strong><\/li>\n<li data-start=\"221\" data-end=\"248\"><strong data-start=\"223\" data-end=\"246\">Firmen und Betriebe<\/strong><\/li>\n<li data-start=\"249\" data-end=\"286\"><strong data-start=\"251\" data-end=\"284\">Kranken-H\u00e4user und Pflege-H<\/strong><strong data-start=\"251\" data-end=\"284\">eime<\/strong><\/li>\n<\/ul>\n<p data-start=\"288\" data-end=\"513\">Unser Essen ist gesund, schmeckt gut und schadet der Umwelt nicht.<br data-start=\"340\" data-end=\"343\" \/>Wir kochen mit frischen Zutaten aus der Umgebung.<br data-start=\"390\" data-end=\"393\" \/>Es gibt auch Speisen ohne Fleisch.<br data-start=\"445\" data-end=\"448\" \/>Wir achten auf Hygiene und eine gute Lagerung der Lebensmittel.<\/p>\n<h3 data-start=\"515\" data-end=\"539\"><strong data-start=\"519\" data-end=\"537\">Unser Angebot:<\/strong><\/h3>\n<p data-start=\"541\" data-end=\"805\">Essen f\u00fcr Kitas<br data-start=\"602\" data-end=\"605\" \/>Schul-Essen<br data-start=\"659\" data-end=\"662\" \/>Gemeinschafts-Verpflegung<br data-start=\"725\" data-end=\"728\" \/>Speise-Versorgung<\/p>\n<p>[\/vc_column_text][vc_single_image image=&#8221;75216&#8243; img_size=&#8221;full&#8221; css=&#8221;&#8221;][\/vc_column][\/vc_row][vc_row content_placement=&#8221;top&#8221; type=&#8221;container&#8221; padding_top=&#8221;&#8221; padding_bottom=&#8221;&#8221;][vc_column][vc_column_text css=&#8221;&#8221;]<\/p>\n<h3 data-start=\"807\" data-end=\"848\"><strong data-start=\"811\" data-end=\"846\">Das Besondere an unserer K\u00fcche:<\/strong><\/h3>\n<h4 data-start=\"850\" data-end=\"876\"><strong data-start=\"855\" data-end=\"874\">Essen f\u00fcr Kitas<\/strong><\/h4>\n<ul data-start=\"877\" data-end=\"1047\">\n<li data-start=\"877\" data-end=\"911\">Gesunde Mahlzeiten f\u00fcr Kinder.<\/li>\n<li data-start=\"912\" data-end=\"964\">Frisch gekocht mit viel Gem\u00fcse und wenig Zucker.<\/li>\n<li data-start=\"965\" data-end=\"992\">Kindgerechte Portionen.<\/li>\n<li data-start=\"993\" data-end=\"1047\">R\u00fccksicht auf Allergien oder vegetarische W\u00fcnsche.<\/li>\n<\/ul>\n<h4 data-start=\"1049\" data-end=\"1070\"><strong data-start=\"1054\" data-end=\"1068\">Schul-Essen<\/strong><\/h4>\n<ul data-start=\"1071\" data-end=\"1235\">\n<li data-start=\"1071\" data-end=\"1106\">Gesundes Essen f\u00fcr Schul-Kinder.<\/li>\n<li data-start=\"1107\" data-end=\"1159\">Hilft beim Lernen und f\u00f6rdert die Konzentration.<\/li>\n<li data-start=\"1160\" data-end=\"1198\">Verschiedene Gerichte zur Auswahl.<\/li>\n<li data-start=\"1199\" data-end=\"1235\">Nachhaltig, regional und gesund.<\/li>\n<\/ul>\n<h4 data-start=\"1237\" data-end=\"1272\"><strong data-start=\"1242\" data-end=\"1270\">Gemeinschafts-Verpflegung<\/strong><\/h4>\n<ul data-start=\"1273\" data-end=\"1472\">\n<li data-start=\"1273\" data-end=\"1325\">Essen f\u00fcr Firmen, Kranken-H\u00e4user und Pflege-Heime.<\/li>\n<li data-start=\"1371\" data-end=\"1430\">Wir achten Deine Religion.<\/li>\n<li data-start=\"1371\" data-end=\"1430\">Wir achten darauf, dass das Essen gesund ist<\/li>\n<li data-start=\"1431\" data-end=\"1472\">Hohe Hygiene- und Qualit\u00e4tsstandards.<\/li>\n<\/ul>\n<h4 data-start=\"1474\" data-end=\"1501\"><strong data-start=\"1479\" data-end=\"1499\">Speise-Versorgung<\/strong><\/h4>\n<ul data-start=\"1502\" data-end=\"1623\">\n<li data-start=\"1502\" data-end=\"1539\">Regelm\u00e4\u00dfiges, ausgewogenes Essen.<\/li>\n<li data-start=\"1540\" data-end=\"1578\">Regionale und nachhaltige Zutaten.<\/li>\n<li data-start=\"1579\" data-end=\"1623\">Flexible Anpassung an besondere W\u00fcnsche.<\/li>\n<\/ul>\n<h3 data-start=\"1625\" data-end=\"1652\"><strong data-start=\"1629\" data-end=\"1650\">Haben Sie Fragen?<\/strong><\/h3>\n<p data-start=\"1653\" data-end=\"1759\">Wir beraten Sie gerne!<br data-start=\"1675\" data-end=\"1678\" \/>Rufen Sie uns an: <strong data-start=\"1696\" data-end=\"1719\">(03528) 431 \u2013 22 22<\/strong><br data-start=\"1719\" data-end=\"1722\" \/>Oder schreiben Sie uns eine E-Mail.<\/p>\n<p data-start=\"1761\" data-end=\"1891\">Unsere K\u00fcche ist in <strong data-start=\"1781\" data-end=\"1822\">Radeberg, Ortsteil Liegau-Augustusbad<\/strong>.<br data-start=\"1823\" data-end=\"1826\" \/>Sie liegt nahe der <strong data-start=\"1845\" data-end=\"1888\">Autobahn A4, Ausfahrt Ottendorf-Okrilla<\/strong>.<\/p>\n<h2><strong>Sie wollen bei uns arbeiten?<\/strong><\/h2>\n<p><a href=\"https:\/\/www.pasodoble.de\/leicht\/jobs\/\">Dann klicken Sie hier und Sie kommen auf unsere Job-Seite.<\/a><\/p>\n<p>Dort gibt es alle Stellen-Angebote.<br \/>\nUnd Sie erfahren, was wir Ihnen als Mitarbeiter bieten.<br \/>\nEinige Mitarbeiter erz\u00e4hlen dort \u00fcber ihre Arbeit.[\/vc_column_text][\/vc_column][vc_column][\/vc_column][vc_column][\/vc_column][\/vc_row]<\/p>\n<\/div><\/div>","protected":false},"excerpt":{"rendered":"<p>[vc_row type=&#8221;container&#8221; padding_top=&#8221;&#8221; padding_bottom=&#8221;&#8221; css=&#8221;.vc_custom_1444503683289{margin-bottom: 0px !important;}&#8221;][vc_column][\/vc_column][\/vc_row][vc_row type=&#8221;container&#8221; padding_top=&#8221;&#8221; padding_bottom=&#8221;&#8221;][vc_column][vc_column_text css=&#8221;&#8221;] Kantine vor Ort [\/vc_column_text][vc_column_text css=&#8221;&#8221;] Schul-Essen und mehr f\u00fcr Radeberg, Dresden und Umgebung Wir liefern gesundes und leckeres Mittagessen.Unsere K\u00fcche kocht f\u00fcr: Kinder-G\u00e4rten und Schulen Firmen und Betriebe Kranken-H\u00e4user und Pflege-Heime Unser Essen ist gesund, schmeckt gut und schadet der Umwelt nicht.Wir kochen mit [&hellip;]<\/p>\n","protected":false},"author":2,"featured_media":75238,"parent":72141,"menu_order":50,"comment_status":"closed","ping_status":"closed","template":"","meta":{"_acf_changed":false,"footnotes":""},"class_list":["post-72617","page","type-page","status-publish","has-post-thumbnail","hentry"],"acf":[],"yoast_head":"<!-- This site is optimized with the Yoast SEO plugin v27.4 - https:\/\/yoast.com\/product\/yoast-seo-wordpress\/ -->\n<title>Kantine vor Ort - paso doble %<\/title>\n<meta name=\"robots\" content=\"index, follow, max-snippet:-1, max-image-preview:large, max-video-preview:-1\" \/>\n<link rel=\"canonical\" href=\"https:\/\/www.pasodoble.de\/leicht\/leistungen\/kantine-vor-ort\/\" \/>\n<meta property=\"og:locale\" content=\"de_DE\" \/>\n<meta property=\"og:type\" content=\"article\" \/>\n<meta property=\"og:title\" content=\"Kantine vor Ort - paso doble %\" \/>\n<meta property=\"og:description\" content=\"[vc_row type=&#8221;container&#8221; padding_top=&#8221;&#8221; padding_bottom=&#8221;&#8221; css=&#8221;.vc_custom_1444503683289{margin-bottom: 0px !important;}&#8221;][vc_column][\/vc_column][\/vc_row][vc_row type=&#8221;container&#8221; padding_top=&#8221;&#8221; padding_bottom=&#8221;&#8221;][vc_column][vc_column_text css=&#8221;&#8221;] Kantine vor Ort [\/vc_column_text][vc_column_text css=&#8221;&#8221;] Schul-Essen und mehr f\u00fcr Radeberg, Dresden und Umgebung Wir liefern gesundes und leckeres Mittagessen.Unsere K\u00fcche kocht f\u00fcr: Kinder-G\u00e4rten und Schulen Firmen und Betriebe Kranken-H\u00e4user und Pflege-Heime Unser Essen ist gesund, schmeckt gut und schadet der Umwelt nicht.Wir kochen mit [&hellip;]\" \/>\n<meta property=\"og:url\" content=\"https:\/\/www.pasodoble.de\/leicht\/leistungen\/kantine-vor-ort\/\" \/>\n<meta property=\"og:site_name\" content=\"paso doble\" \/>\n<meta property=\"article:modified_time\" content=\"2025-02-24T11:58:59+00:00\" \/>\n<meta property=\"og:image\" content=\"https:\/\/www.pasodoble.de\/wp-content\/uploads\/kantine-vor-ort-bei-paso-doble-kuechenchef-janke-epilepsiezentrum-kleinwachau-header_2.png\" \/>\n\t<meta property=\"og:image:width\" content=\"1200\" \/>\n\t<meta property=\"og:image:height\" content=\"500\" \/>\n\t<meta property=\"og:image:type\" content=\"image\/png\" \/>\n<meta name=\"twitter:card\" content=\"summary_large_image\" \/>\n<meta name=\"twitter:label1\" content=\"Est. reading time\" \/>\n\t<meta name=\"twitter:data1\" content=\"2 minutes\" \/>\n<script type=\"application\/ld+json\" class=\"yoast-schema-graph\">{\"@context\":\"https:\\\/\\\/schema.org\",\"@graph\":[{\"@type\":\"WebPage\",\"@id\":\"https:\\\/\\\/www.pasodoble.de\\\/leicht\\\/leistungen\\\/kantine-vor-ort\\\/\",\"url\":\"https:\\\/\\\/www.pasodoble.de\\\/leicht\\\/leistungen\\\/kantine-vor-ort\\\/\",\"name\":\"Kantine vor Ort - paso doble %\",\"isPartOf\":{\"@id\":\"https:\\\/\\\/www.pasodoble.de\\\/#website\"},\"primaryImageOfPage\":{\"@id\":\"https:\\\/\\\/www.pasodoble.de\\\/leicht\\\/leistungen\\\/kantine-vor-ort\\\/#primaryimage\"},\"image\":{\"@id\":\"https:\\\/\\\/www.pasodoble.de\\\/leicht\\\/leistungen\\\/kantine-vor-ort\\\/#primaryimage\"},\"thumbnailUrl\":\"https:\\\/\\\/www.pasodoble.de\\\/wp-content\\\/uploads\\\/kantine-vor-ort-bei-paso-doble-kuechenchef-janke-epilepsiezentrum-kleinwachau-header_2.png\",\"datePublished\":\"2016-05-18T09:35:29+00:00\",\"dateModified\":\"2025-02-24T11:58:59+00:00\",\"breadcrumb\":{\"@id\":\"https:\\\/\\\/www.pasodoble.de\\\/leicht\\\/leistungen\\\/kantine-vor-ort\\\/#breadcrumb\"},\"inLanguage\":\"de-LEICHT\",\"potentialAction\":[{\"@type\":\"ReadAction\",\"target\":[\"https:\\\/\\\/www.pasodoble.de\\\/leicht\\\/leistungen\\\/kantine-vor-ort\\\/\"]}]},{\"@type\":\"ImageObject\",\"inLanguage\":\"de-LEICHT\",\"@id\":\"https:\\\/\\\/www.pasodoble.de\\\/leicht\\\/leistungen\\\/kantine-vor-ort\\\/#primaryimage\",\"url\":\"https:\\\/\\\/www.pasodoble.de\\\/wp-content\\\/uploads\\\/kantine-vor-ort-bei-paso-doble-kuechenchef-janke-epilepsiezentrum-kleinwachau-header_2.png\",\"contentUrl\":\"https:\\\/\\\/www.pasodoble.de\\\/wp-content\\\/uploads\\\/kantine-vor-ort-bei-paso-doble-kuechenchef-janke-epilepsiezentrum-kleinwachau-header_2.png\",\"width\":1200,\"height\":500,\"caption\":\"Der K\u00fcchenchef des Inklusionsunternehmen paso doble mit einem sehr gro\u00dfen metallenen Kochl\u00f6ffel in der einen und einem gro\u00dfen silberfarbenen Salzstreuer in der anderen Hand. Zu den Leistungen vomn paso doble geh\u00f6ren auch Kita-Essen, Schulessen, B\u00fcro- und Firmenk\u00fcche, Gemeinschaftsverpflegung und Sonderkost. Das Inklusionsunternehmen paso doble geh\u00f6rt zum Epilepsiezentrum Kleinwachau in Radeberg bei Dresden in Sachsen.\"},{\"@type\":\"BreadcrumbList\",\"@id\":\"https:\\\/\\\/www.pasodoble.de\\\/leicht\\\/leistungen\\\/kantine-vor-ort\\\/#breadcrumb\",\"itemListElement\":[{\"@type\":\"ListItem\",\"position\":1,\"name\":\"Start\",\"item\":\"https:\\\/\\\/www.pasodoble.de\\\/leicht\\\/\"},{\"@type\":\"ListItem\",\"position\":2,\"name\":\"Unsere Leistungen\",\"item\":\"https:\\\/\\\/www.pasodoble.de\\\/leicht\\\/leistungen\\\/\"},{\"@type\":\"ListItem\",\"position\":3,\"name\":\"Kantine vor Ort\"}]},{\"@type\":\"WebSite\",\"@id\":\"https:\\\/\\\/www.pasodoble.de\\\/#website\",\"url\":\"https:\\\/\\\/www.pasodoble.de\\\/\",\"name\":\"paso doble\",\"description\":\"Inklusionsunternehmen\",\"potentialAction\":[{\"@type\":\"SearchAction\",\"target\":{\"@type\":\"EntryPoint\",\"urlTemplate\":\"https:\\\/\\\/www.pasodoble.de\\\/?s={search_term_string}\"},\"query-input\":{\"@type\":\"PropertyValueSpecification\",\"valueRequired\":true,\"valueName\":\"search_term_string\"}}],\"inLanguage\":\"de-LEICHT\"}]}<\/script>\n<!-- \/ Yoast SEO plugin. -->","yoast_head_json":{"title":"Kantine vor Ort - paso doble %","robots":{"index":"index","follow":"follow","max-snippet":"max-snippet:-1","max-image-preview":"max-image-preview:large","max-video-preview":"max-video-preview:-1"},"canonical":"https:\/\/www.pasodoble.de\/leicht\/leistungen\/kantine-vor-ort\/","og_locale":"de_DE","og_type":"article","og_title":"Kantine vor Ort - paso doble %","og_description":"[vc_row type=&#8221;container&#8221; padding_top=&#8221;&#8221; padding_bottom=&#8221;&#8221; css=&#8221;.vc_custom_1444503683289{margin-bottom: 0px !important;}&#8221;][vc_column][\/vc_column][\/vc_row][vc_row type=&#8221;container&#8221; padding_top=&#8221;&#8221; padding_bottom=&#8221;&#8221;][vc_column][vc_column_text css=&#8221;&#8221;] Kantine vor Ort [\/vc_column_text][vc_column_text css=&#8221;&#8221;] Schul-Essen und mehr f\u00fcr Radeberg, Dresden und Umgebung Wir liefern gesundes und leckeres Mittagessen.Unsere K\u00fcche kocht f\u00fcr: Kinder-G\u00e4rten und Schulen Firmen und Betriebe Kranken-H\u00e4user und Pflege-Heime Unser Essen ist gesund, schmeckt gut und schadet der Umwelt nicht.Wir kochen mit [&hellip;]","og_url":"https:\/\/www.pasodoble.de\/leicht\/leistungen\/kantine-vor-ort\/","og_site_name":"paso doble","article_modified_time":"2025-02-24T11:58:59+00:00","og_image":[{"width":1200,"height":500,"url":"https:\/\/www.pasodoble.de\/wp-content\/uploads\/kantine-vor-ort-bei-paso-doble-kuechenchef-janke-epilepsiezentrum-kleinwachau-header_2.png","type":"image\/png"}],"twitter_card":"summary_large_image","twitter_misc":{"Est. reading time":"2 minutes"},"schema":{"@context":"https:\/\/schema.org","@graph":[{"@type":"WebPage","@id":"https:\/\/www.pasodoble.de\/leicht\/leistungen\/kantine-vor-ort\/","url":"https:\/\/www.pasodoble.de\/leicht\/leistungen\/kantine-vor-ort\/","name":"Kantine vor Ort - paso doble %","isPartOf":{"@id":"https:\/\/www.pasodoble.de\/#website"},"primaryImageOfPage":{"@id":"https:\/\/www.pasodoble.de\/leicht\/leistungen\/kantine-vor-ort\/#primaryimage"},"image":{"@id":"https:\/\/www.pasodoble.de\/leicht\/leistungen\/kantine-vor-ort\/#primaryimage"},"thumbnailUrl":"https:\/\/www.pasodoble.de\/wp-content\/uploads\/kantine-vor-ort-bei-paso-doble-kuechenchef-janke-epilepsiezentrum-kleinwachau-header_2.png","datePublished":"2016-05-18T09:35:29+00:00","dateModified":"2025-02-24T11:58:59+00:00","breadcrumb":{"@id":"https:\/\/www.pasodoble.de\/leicht\/leistungen\/kantine-vor-ort\/#breadcrumb"},"inLanguage":"de-LEICHT","potentialAction":[{"@type":"ReadAction","target":["https:\/\/www.pasodoble.de\/leicht\/leistungen\/kantine-vor-ort\/"]}]},{"@type":"ImageObject","inLanguage":"de-LEICHT","@id":"https:\/\/www.pasodoble.de\/leicht\/leistungen\/kantine-vor-ort\/#primaryimage","url":"https:\/\/www.pasodoble.de\/wp-content\/uploads\/kantine-vor-ort-bei-paso-doble-kuechenchef-janke-epilepsiezentrum-kleinwachau-header_2.png","contentUrl":"https:\/\/www.pasodoble.de\/wp-content\/uploads\/kantine-vor-ort-bei-paso-doble-kuechenchef-janke-epilepsiezentrum-kleinwachau-header_2.png","width":1200,"height":500,"caption":"Der K\u00fcchenchef des Inklusionsunternehmen paso doble mit einem sehr gro\u00dfen metallenen Kochl\u00f6ffel in der einen und einem gro\u00dfen silberfarbenen Salzstreuer in der anderen Hand. Zu den Leistungen vomn paso doble geh\u00f6ren auch Kita-Essen, Schulessen, B\u00fcro- und Firmenk\u00fcche, Gemeinschaftsverpflegung und Sonderkost. Das Inklusionsunternehmen paso doble geh\u00f6rt zum Epilepsiezentrum Kleinwachau in Radeberg bei Dresden in Sachsen."},{"@type":"BreadcrumbList","@id":"https:\/\/www.pasodoble.de\/leicht\/leistungen\/kantine-vor-ort\/#breadcrumb","itemListElement":[{"@type":"ListItem","position":1,"name":"Start","item":"https:\/\/www.pasodoble.de\/leicht\/"},{"@type":"ListItem","position":2,"name":"Unsere Leistungen","item":"https:\/\/www.pasodoble.de\/leicht\/leistungen\/"},{"@type":"ListItem","position":3,"name":"Kantine vor Ort"}]},{"@type":"WebSite","@id":"https:\/\/www.pasodoble.de\/#website","url":"https:\/\/www.pasodoble.de\/","name":"paso doble","description":"Inklusionsunternehmen","potentialAction":[{"@type":"SearchAction","target":{"@type":"EntryPoint","urlTemplate":"https:\/\/www.pasodoble.de\/?s={search_term_string}"},"query-input":{"@type":"PropertyValueSpecification","valueRequired":true,"valueName":"search_term_string"}}],"inLanguage":"de-LEICHT"}]}},"publishpress_future_action":{"enabled":false,"date":"2026-05-05 16:54:46","action":"change-status","newStatus":"draft","terms":[],"taxonomy":"translation_priority","extraData":[]},"publishpress_future_workflow_manual_trigger":{"enabledWorkflows":[]},"_links":{"self":[{"href":"https:\/\/www.pasodoble.de\/leicht\/wp-json\/wp\/v2\/pages\/72617","targetHints":{"allow":["GET"]}}],"collection":[{"href":"https:\/\/www.pasodoble.de\/leicht\/wp-json\/wp\/v2\/pages"}],"about":[{"href":"https:\/\/www.pasodoble.de\/leicht\/wp-json\/wp\/v2\/types\/page"}],"author":[{"embeddable":true,"href":"https:\/\/www.pasodoble.de\/leicht\/wp-json\/wp\/v2\/users\/2"}],"replies":[{"embeddable":true,"href":"https:\/\/www.pasodoble.de\/leicht\/wp-json\/wp\/v2\/comments?post=72617"}],"version-history":[{"count":17,"href":"https:\/\/www.pasodoble.de\/leicht\/wp-json\/wp\/v2\/pages\/72617\/revisions"}],"predecessor-version":[{"id":72618,"href":"https:\/\/www.pasodoble.de\/leicht\/wp-json\/wp\/v2\/pages\/72617\/revisions\/72618"}],"up":[{"embeddable":true,"href":"https:\/\/www.pasodoble.de\/leicht\/wp-json\/wp\/v2\/pages\/72141"}],"wp:featuredmedia":[{"embeddable":true,"href":"https:\/\/www.pasodoble.de\/leicht\/wp-json\/wp\/v2\/media\/75238"}],"wp:attachment":[{"href":"https:\/\/www.pasodoble.de\/leicht\/wp-json\/wp\/v2\/media?parent=72617"}],"curies":[{"name":"wp","href":"https:\/\/api.w.org\/{rel}","templated":true}]}}