{"id":72608,"date":"2016-05-18T11:50:32","date_gmt":"2016-05-18T09:50:32","guid":{"rendered":"http:\/\/pasodoble.dev.moewe.io\/leicht\/unsere-leistungen\/renovierungsarbeiten\/"},"modified":"2025-02-24T13:46:31","modified_gmt":"2025-02-24T12:46:31","slug":"renovierung","status":"publish","type":"page","link":"https:\/\/www.pasodoble.de\/leicht\/leistungen\/renovierung\/","title":{"rendered":"Renovierung"},"content":{"rendered":"<div id=\"pasodoble-readspeaker-72608\"><div class=\"wpb-content-wrapper\"><p>[vc_row type=&#8221;container&#8221; padding_top=&#8221;&#8221; padding_bottom=&#8221;&#8221; css=&#8221;.vc_custom_1444503683289{margin-bottom: 0px !important;}&#8221;][vc_column]<div id=\"readspeaker_button1\" class=\"rs_skip rsbtn rs_preserve\"><a rel=\"nofollow\" class=\"rsbtn_play\" accesskey=\"L\" title=\"Um den Text anzuh\u00f6ren, verwenden Sie bitte ReadSpeaker\" href=\"https:\/\/app-eu.readspeaker.com\/cgi-bin\/rsent?customerid=8650&amp;lang=de_de&amp;readid=pasodoble-readspeaker-72608&amp;url=https%3A%2F%2Fwww.pasodoble.de%2Fleicht%2Fleistungen%2Frenovierung%2F\">  <span class=\"rsbtn_left rsimg rspart\"><span class=\"rsbtn_text\"><span>Vorlesen<\/span><\/span><\/span>  <span class=\"rsbtn_right rsimg rsplay rspart\"><\/span><\/a><\/div>[\/vc_column][\/vc_row][vc_row type=&#8221;container&#8221; padding_top=&#8221;&#8221; padding_bottom=&#8221;&#8221;][vc_column][vc_column_text]<\/p>\n<h2><strong>Renovierung<\/strong><\/h2>\n<p>[\/vc_column_text][\/vc_column][\/vc_row][vc_row type=&#8221;container&#8221; padding_top=&#8221;&#8221; padding_bottom=&#8221;&#8221; css=&#8221;.vc_custom_1449576470084{margin-bottom: 0px !important;}&#8221;][vc_column width=&#8221;2\/3&#8243;][vc_column_text]Frische Farben machen Spa\u00df!<br \/>\nWir sind begeisterte Hand-Werker.<br \/>\nWir kennen uns aus mit Farben und Tapeten.<br \/>\nWir k\u00f6nnen aber auch Dinge ausbessern.<br \/>\nIn der Wohnung, am Haus oder am Garten-Zaun.<\/p>\n<p>Diese Arbeiten k\u00f6nnen wir erledigen:<\/p>\n<ul>\n<li>Maler-Arbeiten und Tapezieren<\/li>\n<li>Kleine Maurer-Arbeiten<\/li>\n<li>Wege bauen<\/li>\n<li>Zaun bauen<\/li>\n<li>Fliesen legen<\/li>\n<li>Rohr-Leitungen reparieren<\/li>\n<li>Wasch-Becken, Dusche oder Toilette reparieren<\/li>\n<li>Tischler-Arbeiten<\/li>\n<li>M\u00f6bel aufbauen<\/li>\n<\/ul>\n<p>[\/vc_column_text][\/vc_column][vc_column width=&#8221;1\/3&#8243;][vc_single_image image=&#8221;71399&#8243; img_size=&#8221;full&#8221;][\/vc_column][\/vc_row][vc_row type=&#8221;container&#8221;][vc_column][vc_text_separator title=&#8221;&#8221; i_icon_fontawesome=&#8221;fa fa-comment-o&#8221; i_color=&#8221;custom&#8221; i_background_style=&#8221;rounded&#8221; i_background_color=&#8221;custom&#8221; color=&#8221;custom&#8221; add_icon=&#8221;true&#8221; accent_color=&#8221;#cc0000&#8243; i_custom_color=&#8221;#ffffff&#8221; i_custom_background_color=&#8221;#cc0000&#8243;][\/vc_column][\/vc_row][vc_row content_placement=&#8221;top&#8221; type=&#8221;container&#8221; padding_top=&#8221;&#8221; padding_bottom=&#8221;&#8221;][vc_column width=&#8221;1\/2&#8243;][vc_empty_space height=&#8221;45px&#8221;][vc_single_image image=&#8221;71404&#8243; img_size=&#8221;full&#8221;][\/vc_column][vc_column width=&#8221;1\/2&#8243;][vc_column_text]<\/p>\n<blockquote><p>\u201eWenn ich einen Auftrag mit Pinsel und Farbe erhalte, bin ich ganz Ohr.\u201c<\/p><\/blockquote>\n<p>[\/vc_column_text][vc_column_text css=&#8221;&#8221;]Ren\u00e9 ist Maler und Lackierer.<br \/>\nSeine Arbeit kann er sehr gut.<br \/>\nEr liebt Farben.<br \/>\nAber auch Kino-Filme und Rock-Musik.<br \/>\nEr hat einen Traum:<br \/>\nEinmal nach Amerika fahren.<br \/>\nF\u00fcr ihn ist dieses Land bunt.<br \/>\nGenau wie seine Farben.<\/p>\n<p>Sie wollen mehr \u00fcber Ren\u00e9 wissen?<br \/>\n<a href=\"https:\/\/www.pasodoble.de\/leicht\/jobs\/portrait_rene\/\">Dann klicken Sie hier.<\/a>[\/vc_column_text][\/vc_column][\/vc_row][vc_row type=&#8221;container&#8221;][vc_column][vc_column_text]<\/p>\n<h2><strong>Sie wollen bei uns arbeiten?<\/strong><\/h2>\n<p><a href=\"https:\/\/www.pasodoble.de\/leicht\/jobs\/\">Dann klicken Sie hier und Sie kommen auf unsere Job-Seite.<\/a><\/p>\n<p>Dort gibt es alle Stellen-Angebote.<br \/>\nUnd Sie erfahren, was wir Ihnen als Mitarbeiter bieten.<br \/>\nEinige Mitarbeiter erz\u00e4hlen dort \u00fcber ihre Arbeit.[\/vc_column_text][\/vc_column][\/vc_row]<\/p>\n<\/div><\/div>","protected":false},"excerpt":{"rendered":"<p>[vc_row type=&#8221;container&#8221; padding_top=&#8221;&#8221; padding_bottom=&#8221;&#8221; css=&#8221;.vc_custom_1444503683289{margin-bottom: 0px !important;}&#8221;][vc_column][\/vc_column][\/vc_row][vc_row type=&#8221;container&#8221; padding_top=&#8221;&#8221; padding_bottom=&#8221;&#8221;][vc_column][vc_column_text] Renovierung [\/vc_column_text][\/vc_column][\/vc_row][vc_row type=&#8221;container&#8221; padding_top=&#8221;&#8221; padding_bottom=&#8221;&#8221; css=&#8221;.vc_custom_1449576470084{margin-bottom: 0px !important;}&#8221;][vc_column width=&#8221;2\/3&#8243;][vc_column_text]Frische Farben machen Spa\u00df! Wir sind begeisterte Hand-Werker. Wir kennen uns aus mit Farben und Tapeten. Wir k\u00f6nnen aber auch Dinge ausbessern. In der Wohnung, am Haus oder am Garten-Zaun. Diese Arbeiten k\u00f6nnen wir erledigen: Maler-Arbeiten und [&hellip;]<\/p>\n","protected":false},"author":2,"featured_media":72843,"parent":72141,"menu_order":20,"comment_status":"closed","ping_status":"closed","template":"","meta":{"_acf_changed":false,"footnotes":""},"class_list":["post-72608","page","type-page","status-publish","has-post-thumbnail","hentry"],"acf":[],"yoast_head":"<!-- This site is optimized with the Yoast SEO plugin v27.4 - https:\/\/yoast.com\/product\/yoast-seo-wordpress\/ -->\n<title>Renovierung - paso doble %<\/title>\n<meta name=\"robots\" content=\"index, follow, max-snippet:-1, max-image-preview:large, max-video-preview:-1\" \/>\n<link rel=\"canonical\" href=\"https:\/\/www.pasodoble.de\/leicht\/leistungen\/renovierung\/\" \/>\n<meta property=\"og:locale\" content=\"de_DE\" \/>\n<meta property=\"og:type\" content=\"article\" \/>\n<meta property=\"og:title\" content=\"Renovierung - paso doble %\" \/>\n<meta property=\"og:description\" content=\"[vc_row type=&#8221;container&#8221; padding_top=&#8221;&#8221; padding_bottom=&#8221;&#8221; css=&#8221;.vc_custom_1444503683289{margin-bottom: 0px !important;}&#8221;][vc_column][\/vc_column][\/vc_row][vc_row type=&#8221;container&#8221; padding_top=&#8221;&#8221; padding_bottom=&#8221;&#8221;][vc_column][vc_column_text] Renovierung [\/vc_column_text][\/vc_column][\/vc_row][vc_row type=&#8221;container&#8221; padding_top=&#8221;&#8221; padding_bottom=&#8221;&#8221; css=&#8221;.vc_custom_1449576470084{margin-bottom: 0px !important;}&#8221;][vc_column width=&#8221;2\/3&#8243;][vc_column_text]Frische Farben machen Spa\u00df! Wir sind begeisterte Hand-Werker. Wir kennen uns aus mit Farben und Tapeten. Wir k\u00f6nnen aber auch Dinge ausbessern. In der Wohnung, am Haus oder am Garten-Zaun. Diese Arbeiten k\u00f6nnen wir erledigen: Maler-Arbeiten und [&hellip;]\" \/>\n<meta property=\"og:url\" content=\"https:\/\/www.pasodoble.de\/leicht\/leistungen\/renovierung\/\" \/>\n<meta property=\"og:site_name\" content=\"paso doble\" \/>\n<meta property=\"article:modified_time\" content=\"2025-02-24T12:46:31+00:00\" \/>\n<meta property=\"og:image\" content=\"https:\/\/www.pasodoble.de\/wp-content\/uploads\/Kopfzeile_Renovierungsarbeiten_Leichte_Sprache_1200x500.png\" \/>\n\t<meta property=\"og:image:width\" content=\"1200\" \/>\n\t<meta property=\"og:image:height\" content=\"500\" \/>\n\t<meta property=\"og:image:type\" content=\"image\/png\" \/>\n<meta name=\"twitter:card\" content=\"summary_large_image\" \/>\n<meta name=\"twitter:label1\" content=\"Est. reading time\" \/>\n\t<meta name=\"twitter:data1\" content=\"2 minutes\" \/>\n<script type=\"application\/ld+json\" class=\"yoast-schema-graph\">{\"@context\":\"https:\\\/\\\/schema.org\",\"@graph\":[{\"@type\":\"WebPage\",\"@id\":\"https:\\\/\\\/www.pasodoble.de\\\/leicht\\\/leistungen\\\/renovierung\\\/\",\"url\":\"https:\\\/\\\/www.pasodoble.de\\\/leicht\\\/leistungen\\\/renovierung\\\/\",\"name\":\"Renovierung - paso doble %\",\"isPartOf\":{\"@id\":\"https:\\\/\\\/www.pasodoble.de\\\/#website\"},\"primaryImageOfPage\":{\"@id\":\"https:\\\/\\\/www.pasodoble.de\\\/leicht\\\/leistungen\\\/renovierung\\\/#primaryimage\"},\"image\":{\"@id\":\"https:\\\/\\\/www.pasodoble.de\\\/leicht\\\/leistungen\\\/renovierung\\\/#primaryimage\"},\"thumbnailUrl\":\"https:\\\/\\\/www.pasodoble.de\\\/wp-content\\\/uploads\\\/Kopfzeile_Renovierungsarbeiten_Leichte_Sprache_1200x500.png\",\"datePublished\":\"2016-05-18T09:50:32+00:00\",\"dateModified\":\"2025-02-24T12:46:31+00:00\",\"breadcrumb\":{\"@id\":\"https:\\\/\\\/www.pasodoble.de\\\/leicht\\\/leistungen\\\/renovierung\\\/#breadcrumb\"},\"inLanguage\":\"de-LEICHT\",\"potentialAction\":[{\"@type\":\"ReadAction\",\"target\":[\"https:\\\/\\\/www.pasodoble.de\\\/leicht\\\/leistungen\\\/renovierung\\\/\"]}]},{\"@type\":\"ImageObject\",\"inLanguage\":\"de-LEICHT\",\"@id\":\"https:\\\/\\\/www.pasodoble.de\\\/leicht\\\/leistungen\\\/renovierung\\\/#primaryimage\",\"url\":\"https:\\\/\\\/www.pasodoble.de\\\/wp-content\\\/uploads\\\/Kopfzeile_Renovierungsarbeiten_Leichte_Sprache_1200x500.png\",\"contentUrl\":\"https:\\\/\\\/www.pasodoble.de\\\/wp-content\\\/uploads\\\/Kopfzeile_Renovierungsarbeiten_Leichte_Sprache_1200x500.png\",\"width\":1200,\"height\":500,\"caption\":\"Zeichen f\u00fcr Leichte Sprache, daneben Foto: Malerwerkzeug: ein roter Eimer mit einem Rollersieb, ein Handroller und diverse Pinsel\"},{\"@type\":\"BreadcrumbList\",\"@id\":\"https:\\\/\\\/www.pasodoble.de\\\/leicht\\\/leistungen\\\/renovierung\\\/#breadcrumb\",\"itemListElement\":[{\"@type\":\"ListItem\",\"position\":1,\"name\":\"Start\",\"item\":\"https:\\\/\\\/www.pasodoble.de\\\/leicht\\\/\"},{\"@type\":\"ListItem\",\"position\":2,\"name\":\"Unsere Leistungen\",\"item\":\"https:\\\/\\\/www.pasodoble.de\\\/leicht\\\/leistungen\\\/\"},{\"@type\":\"ListItem\",\"position\":3,\"name\":\"Renovierung\"}]},{\"@type\":\"WebSite\",\"@id\":\"https:\\\/\\\/www.pasodoble.de\\\/#website\",\"url\":\"https:\\\/\\\/www.pasodoble.de\\\/\",\"name\":\"paso doble\",\"description\":\"Inklusionsunternehmen\",\"potentialAction\":[{\"@type\":\"SearchAction\",\"target\":{\"@type\":\"EntryPoint\",\"urlTemplate\":\"https:\\\/\\\/www.pasodoble.de\\\/?s={search_term_string}\"},\"query-input\":{\"@type\":\"PropertyValueSpecification\",\"valueRequired\":true,\"valueName\":\"search_term_string\"}}],\"inLanguage\":\"de-LEICHT\"}]}<\/script>\n<!-- \/ Yoast SEO plugin. -->","yoast_head_json":{"title":"Renovierung - paso doble %","robots":{"index":"index","follow":"follow","max-snippet":"max-snippet:-1","max-image-preview":"max-image-preview:large","max-video-preview":"max-video-preview:-1"},"canonical":"https:\/\/www.pasodoble.de\/leicht\/leistungen\/renovierung\/","og_locale":"de_DE","og_type":"article","og_title":"Renovierung - paso doble %","og_description":"[vc_row type=&#8221;container&#8221; padding_top=&#8221;&#8221; padding_bottom=&#8221;&#8221; css=&#8221;.vc_custom_1444503683289{margin-bottom: 0px !important;}&#8221;][vc_column][\/vc_column][\/vc_row][vc_row type=&#8221;container&#8221; padding_top=&#8221;&#8221; padding_bottom=&#8221;&#8221;][vc_column][vc_column_text] Renovierung [\/vc_column_text][\/vc_column][\/vc_row][vc_row type=&#8221;container&#8221; padding_top=&#8221;&#8221; padding_bottom=&#8221;&#8221; css=&#8221;.vc_custom_1449576470084{margin-bottom: 0px !important;}&#8221;][vc_column width=&#8221;2\/3&#8243;][vc_column_text]Frische Farben machen Spa\u00df! Wir sind begeisterte Hand-Werker. Wir kennen uns aus mit Farben und Tapeten. Wir k\u00f6nnen aber auch Dinge ausbessern. In der Wohnung, am Haus oder am Garten-Zaun. Diese Arbeiten k\u00f6nnen wir erledigen: Maler-Arbeiten und [&hellip;]","og_url":"https:\/\/www.pasodoble.de\/leicht\/leistungen\/renovierung\/","og_site_name":"paso doble","article_modified_time":"2025-02-24T12:46:31+00:00","og_image":[{"width":1200,"height":500,"url":"https:\/\/www.pasodoble.de\/wp-content\/uploads\/Kopfzeile_Renovierungsarbeiten_Leichte_Sprache_1200x500.png","type":"image\/png"}],"twitter_card":"summary_large_image","twitter_misc":{"Est. reading time":"2 minutes"},"schema":{"@context":"https:\/\/schema.org","@graph":[{"@type":"WebPage","@id":"https:\/\/www.pasodoble.de\/leicht\/leistungen\/renovierung\/","url":"https:\/\/www.pasodoble.de\/leicht\/leistungen\/renovierung\/","name":"Renovierung - paso doble %","isPartOf":{"@id":"https:\/\/www.pasodoble.de\/#website"},"primaryImageOfPage":{"@id":"https:\/\/www.pasodoble.de\/leicht\/leistungen\/renovierung\/#primaryimage"},"image":{"@id":"https:\/\/www.pasodoble.de\/leicht\/leistungen\/renovierung\/#primaryimage"},"thumbnailUrl":"https:\/\/www.pasodoble.de\/wp-content\/uploads\/Kopfzeile_Renovierungsarbeiten_Leichte_Sprache_1200x500.png","datePublished":"2016-05-18T09:50:32+00:00","dateModified":"2025-02-24T12:46:31+00:00","breadcrumb":{"@id":"https:\/\/www.pasodoble.de\/leicht\/leistungen\/renovierung\/#breadcrumb"},"inLanguage":"de-LEICHT","potentialAction":[{"@type":"ReadAction","target":["https:\/\/www.pasodoble.de\/leicht\/leistungen\/renovierung\/"]}]},{"@type":"ImageObject","inLanguage":"de-LEICHT","@id":"https:\/\/www.pasodoble.de\/leicht\/leistungen\/renovierung\/#primaryimage","url":"https:\/\/www.pasodoble.de\/wp-content\/uploads\/Kopfzeile_Renovierungsarbeiten_Leichte_Sprache_1200x500.png","contentUrl":"https:\/\/www.pasodoble.de\/wp-content\/uploads\/Kopfzeile_Renovierungsarbeiten_Leichte_Sprache_1200x500.png","width":1200,"height":500,"caption":"Zeichen f\u00fcr Leichte Sprache, daneben Foto: Malerwerkzeug: ein roter Eimer mit einem Rollersieb, ein Handroller und diverse Pinsel"},{"@type":"BreadcrumbList","@id":"https:\/\/www.pasodoble.de\/leicht\/leistungen\/renovierung\/#breadcrumb","itemListElement":[{"@type":"ListItem","position":1,"name":"Start","item":"https:\/\/www.pasodoble.de\/leicht\/"},{"@type":"ListItem","position":2,"name":"Unsere Leistungen","item":"https:\/\/www.pasodoble.de\/leicht\/leistungen\/"},{"@type":"ListItem","position":3,"name":"Renovierung"}]},{"@type":"WebSite","@id":"https:\/\/www.pasodoble.de\/#website","url":"https:\/\/www.pasodoble.de\/","name":"paso doble","description":"Inklusionsunternehmen","potentialAction":[{"@type":"SearchAction","target":{"@type":"EntryPoint","urlTemplate":"https:\/\/www.pasodoble.de\/?s={search_term_string}"},"query-input":{"@type":"PropertyValueSpecification","valueRequired":true,"valueName":"search_term_string"}}],"inLanguage":"de-LEICHT"}]}},"publishpress_future_action":{"enabled":false,"date":"2026-05-05 16:40:53","action":"change-status","newStatus":"draft","terms":[],"taxonomy":"translation_priority","extraData":[]},"publishpress_future_workflow_manual_trigger":{"enabledWorkflows":[]},"_links":{"self":[{"href":"https:\/\/www.pasodoble.de\/leicht\/wp-json\/wp\/v2\/pages\/72608","targetHints":{"allow":["GET"]}}],"collection":[{"href":"https:\/\/www.pasodoble.de\/leicht\/wp-json\/wp\/v2\/pages"}],"about":[{"href":"https:\/\/www.pasodoble.de\/leicht\/wp-json\/wp\/v2\/types\/page"}],"author":[{"embeddable":true,"href":"https:\/\/www.pasodoble.de\/leicht\/wp-json\/wp\/v2\/users\/2"}],"replies":[{"embeddable":true,"href":"https:\/\/www.pasodoble.de\/leicht\/wp-json\/wp\/v2\/comments?post=72608"}],"version-history":[{"count":9,"href":"https:\/\/www.pasodoble.de\/leicht\/wp-json\/wp\/v2\/pages\/72608\/revisions"}],"predecessor-version":[{"id":75341,"href":"https:\/\/www.pasodoble.de\/leicht\/wp-json\/wp\/v2\/pages\/72608\/revisions\/75341"}],"up":[{"embeddable":true,"href":"https:\/\/www.pasodoble.de\/leicht\/wp-json\/wp\/v2\/pages\/72141"}],"wp:featuredmedia":[{"embeddable":true,"href":"https:\/\/www.pasodoble.de\/leicht\/wp-json\/wp\/v2\/media\/72843"}],"wp:attachment":[{"href":"https:\/\/www.pasodoble.de\/leicht\/wp-json\/wp\/v2\/media?parent=72608"}],"curies":[{"name":"wp","href":"https:\/\/api.w.org\/{rel}","templated":true}]}}