{"id":72599,"date":"2016-03-21T15:19:42","date_gmt":"2016-03-21T14:19:42","guid":{"rendered":"http:\/\/pasodoble.dev.moewe.io\/leicht\/unsere-leistungen\/hausmeisterservice\/"},"modified":"2017-06-15T16:21:30","modified_gmt":"2017-06-15T14:21:30","slug":"hausmeister-dienst","status":"publish","type":"page","link":"https:\/\/www.pasodoble.de\/leicht\/leistungen\/hausmeister-dienst\/","title":{"rendered":"Hausmeister-Dienst"},"content":{"rendered":"<div id=\"pasodoble-readspeaker-72599\"><div class=\"wpb-content-wrapper\"><p>[vc_row type=&#8221;container&#8221; padding_top=&#8221;&#8221; padding_bottom=&#8221;&#8221; css=&#8221;.vc_custom_1444503683289{margin-bottom: 0px !important;}&#8221;][vc_column]<div id=\"readspeaker_button1\" class=\"rs_skip rsbtn rs_preserve\"><a rel=\"nofollow\" class=\"rsbtn_play\" accesskey=\"L\" title=\"Um den Text anzuh\u00f6ren, verwenden Sie bitte ReadSpeaker\" href=\"https:\/\/app-eu.readspeaker.com\/cgi-bin\/rsent?customerid=8650&amp;lang=de_de&amp;readid=pasodoble-readspeaker-72599&amp;url=https%3A%2F%2Fwww.pasodoble.de%2Fleicht%2Fleistungen%2Fhausmeister-dienst%2F\">  <span class=\"rsbtn_left rsimg rspart\"><span class=\"rsbtn_text\"><span>Vorlesen<\/span><\/span><\/span>  <span class=\"rsbtn_right rsimg rsplay rspart\"><\/span><\/a><\/div>[\/vc_column][\/vc_row][vc_row type=&#8221;container&#8221; padding_top=&#8221;&#8221; padding_bottom=&#8221;&#8221;][vc_column][vc_column_text]<\/p>\n<h2><strong>Hausmeister-Dienst<\/strong><\/h2>\n<p>[\/vc_column_text][\/vc_column][\/vc_row][vc_row type=&#8221;container&#8221; padding_top=&#8221;&#8221; padding_bottom=&#8221;&#8221; css=&#8221;.vc_custom_1449576470084{margin-bottom: 0px !important;}&#8221;][vc_column width=&#8221;2\/3&#8243;][vc_column_text]In jedem Haus geht einmal etwas kaputt.<br \/>\nDas kann ganz sch\u00f6n nerven.<br \/>\nDann ist der Hausmeister wirklich ein Held!<br \/>\nWir helfen bei Problemen im Haus,<br \/>\nund bei Arbeiten in Ihrem Grundst\u00fcck.<br \/>\nUnsere Fachleute erledigen das.<\/p>\n<p>Wir\u00a0 \u00fcbernehmen alle Hausmeister-Arbeiten<br \/>\nin Wohn-H\u00e4usern und Betrieben.<\/p>\n<p>Diese Arbeiten erledigen wir f\u00fcr Sie:<\/p>\n<ul>\n<li>Rasen m\u00e4hen<\/li>\n<li>Laub wegr\u00e4umen<\/li>\n<li>Hecken schneiden<\/li>\n<li>den Hecken-Schnitt entsorgen<\/li>\n<li>Rasen, Blumen-Beete oder Str\u00e4ucher pflegen und pflanzen<\/li>\n<li>Haus-Ordnung,<br \/>\nzum Beispiel Treppe kehren und wischen<\/li>\n<li>Im Winter:<br \/>\n&#8211; Schnee r\u00e4umen<br \/>\n&#8211; Fu\u00dfwege streuen<\/li>\n<li>Entr\u00fcmpeln<\/li>\n<li>Wohnungen aufl\u00f6sen<br \/>\nund leer r\u00e4umen<\/li>\n<\/ul>\n<p>[\/vc_column_text][\/vc_column][vc_column width=&#8221;1\/3&#8243;][vc_single_image image=&#8221;71361&#8243; img_size=&#8221;full&#8221;][\/vc_column][\/vc_row][vc_row type=&#8221;container&#8221;][vc_column][vc_text_separator title=&#8221;&#8221; i_icon_fontawesome=&#8221;fa fa-comment-o&#8221; i_color=&#8221;custom&#8221; i_background_style=&#8221;rounded&#8221; i_background_color=&#8221;custom&#8221; color=&#8221;custom&#8221; add_icon=&#8221;true&#8221; accent_color=&#8221;#cc0000&#8243; i_custom_color=&#8221;#ffffff&#8221; i_custom_background_color=&#8221;#cc0000&#8243;][\/vc_column][\/vc_row][vc_row content_placement=&#8221;top&#8221; type=&#8221;container&#8221; padding_top=&#8221;&#8221; padding_bottom=&#8221;&#8221;][vc_column width=&#8221;1\/2&#8243;][vc_empty_space height=&#8221;40px&#8221;][vc_single_image image=&#8221;71336&#8243; img_size=&#8221;full&#8221;][\/vc_column][vc_column width=&#8221;1\/2&#8243;][vc_column_text]<\/p>\n<blockquote><p>\u201eMein Motto:<br \/>\nAnpacken und nicht so viel quatschen.\u201c<\/p><\/blockquote>\n<p>[\/vc_column_text][vc_column_text]Fr\u00fcher hat Torsten gro\u00dfe Br\u00fccken gebaut.<br \/>\nDie waren aus Stahl und Beton.<br \/>\nHeute arbeitet er an kleineren Dingen.<br \/>\nZum Beispiel mit dem Akku-Schrauber.<br \/>\nEr arbeitet immer sehr genau.<br \/>\nDas kann Torsten besonders gut.<\/p>\n<p>Sie wollen mehr \u00fcber unsere Mitarbeiter wissen?<br \/>\n<a href=\"https:\/\/www.pasodoble.de\/leicht\/jobs\/#michael\">Dann klicken Sie hier.<\/a>[\/vc_column_text][\/vc_column][\/vc_row][vc_row type=&#8221;container&#8221;][vc_column][vc_column_text]<\/p>\n<h2><strong>Sie wollen bei uns arbeiten?<\/strong><\/h2>\n<p><a href=\"https:\/\/www.pasodoble.de\/leicht\/jobs\/\">Dann klicken Sie hier und Sie kommen auf unsere Job-Seite.<\/a><\/p>\n<p>Dort gibt es alle Stellen-Angebote.<br \/>\nUnd Sie erfahren, was wir Ihnen als Mitarbeiter bieten.<br \/>\nEinige Mitarbeiter erz\u00e4hlen dort \u00fcber ihre Arbeit.[\/vc_column_text][\/vc_column][\/vc_row]<\/p>\n<\/div><\/div>","protected":false},"excerpt":{"rendered":"<p>[vc_row type=&#8221;container&#8221; padding_top=&#8221;&#8221; padding_bottom=&#8221;&#8221; css=&#8221;.vc_custom_1444503683289{margin-bottom: 0px !important;}&#8221;][vc_column][\/vc_column][\/vc_row][vc_row type=&#8221;container&#8221; padding_top=&#8221;&#8221; padding_bottom=&#8221;&#8221;][vc_column][vc_column_text] Hausmeister-Dienst [\/vc_column_text][\/vc_column][\/vc_row][vc_row type=&#8221;container&#8221; padding_top=&#8221;&#8221; padding_bottom=&#8221;&#8221; css=&#8221;.vc_custom_1449576470084{margin-bottom: 0px !important;}&#8221;][vc_column width=&#8221;2\/3&#8243;][vc_column_text]In jedem Haus geht einmal etwas kaputt. Das kann ganz sch\u00f6n nerven. Dann ist der Hausmeister wirklich ein Held! Wir helfen bei Problemen im Haus, und bei Arbeiten in Ihrem Grundst\u00fcck. Unsere Fachleute erledigen das. Wir\u00a0 \u00fcbernehmen [&hellip;]<\/p>\n","protected":false},"author":1,"featured_media":72839,"parent":72141,"menu_order":0,"comment_status":"closed","ping_status":"closed","template":"","meta":{"_acf_changed":false,"footnotes":""},"class_list":["post-72599","page","type-page","status-publish","has-post-thumbnail","hentry"],"acf":[],"yoast_head":"<!-- This site is optimized with the Yoast SEO plugin v27.2 - https:\/\/yoast.com\/product\/yoast-seo-wordpress\/ -->\n<title>Hausmeister-Dienst - paso doble %<\/title>\n<meta name=\"robots\" content=\"index, follow, max-snippet:-1, max-image-preview:large, max-video-preview:-1\" \/>\n<link rel=\"canonical\" href=\"https:\/\/www.pasodoble.de\/unsere-leistungen\/hausmeisterservice\/\" \/>\n<meta property=\"og:locale\" content=\"de_DE\" \/>\n<meta property=\"og:type\" content=\"article\" \/>\n<meta property=\"og:title\" content=\"Hausmeister-Dienst - paso doble %\" \/>\n<meta property=\"og:description\" content=\"[vc_row type=&#8221;container&#8221; padding_top=&#8221;&#8221; padding_bottom=&#8221;&#8221; css=&#8221;.vc_custom_1444503683289{margin-bottom: 0px !important;}&#8221;][vc_column][\/vc_column][\/vc_row][vc_row type=&#8221;container&#8221; padding_top=&#8221;&#8221; padding_bottom=&#8221;&#8221;][vc_column][vc_column_text] Hausmeister-Dienst [\/vc_column_text][\/vc_column][\/vc_row][vc_row type=&#8221;container&#8221; padding_top=&#8221;&#8221; padding_bottom=&#8221;&#8221; css=&#8221;.vc_custom_1449576470084{margin-bottom: 0px !important;}&#8221;][vc_column width=&#8221;2\/3&#8243;][vc_column_text]In jedem Haus geht einmal etwas kaputt. Das kann ganz sch\u00f6n nerven. Dann ist der Hausmeister wirklich ein Held! Wir helfen bei Problemen im Haus, und bei Arbeiten in Ihrem Grundst\u00fcck. Unsere Fachleute erledigen das. Wir\u00a0 \u00fcbernehmen [&hellip;]\" \/>\n<meta property=\"og:url\" content=\"https:\/\/www.pasodoble.de\/unsere-leistungen\/hausmeisterservice\/\" \/>\n<meta property=\"og:site_name\" content=\"paso doble\" \/>\n<meta property=\"article:modified_time\" content=\"2017-06-15T14:21:30+00:00\" \/>\n<meta property=\"og:image\" content=\"https:\/\/www.pasodoble.de\/wp-content\/uploads\/Kopfzeile_Hausmeisterservice_Leichte_Sprache_1200x500.png\" \/>\n\t<meta property=\"og:image:width\" content=\"1200\" \/>\n\t<meta property=\"og:image:height\" content=\"500\" \/>\n\t<meta property=\"og:image:type\" content=\"image\/png\" \/>\n<meta name=\"twitter:card\" content=\"summary_large_image\" \/>\n<meta name=\"twitter:label1\" content=\"Est. reading time\" \/>\n\t<meta name=\"twitter:data1\" content=\"2 minutes\" \/>\n<script type=\"application\/ld+json\" class=\"yoast-schema-graph\">{\"@context\":\"https:\/\/schema.org\",\"@graph\":[{\"@type\":\"WebPage\",\"@id\":\"https:\/\/www.pasodoble.de\/unsere-leistungen\/hausmeisterservice\/\",\"url\":\"https:\/\/www.pasodoble.de\/unsere-leistungen\/hausmeisterservice\/\",\"name\":\"Hausmeister-Dienst - paso doble %\",\"isPartOf\":{\"@id\":\"https:\/\/www.pasodoble.de\/#website\"},\"primaryImageOfPage\":{\"@id\":\"https:\/\/www.pasodoble.de\/unsere-leistungen\/hausmeisterservice\/#primaryimage\"},\"image\":{\"@id\":\"https:\/\/www.pasodoble.de\/unsere-leistungen\/hausmeisterservice\/#primaryimage\"},\"thumbnailUrl\":\"https:\/\/www.pasodoble.de\/wp-content\/uploads\/Kopfzeile_Hausmeisterservice_Leichte_Sprache_1200x500.png\",\"datePublished\":\"2016-03-21T14:19:42+00:00\",\"dateModified\":\"2017-06-15T14:21:30+00:00\",\"breadcrumb\":{\"@id\":\"https:\/\/www.pasodoble.de\/unsere-leistungen\/hausmeisterservice\/#breadcrumb\"},\"inLanguage\":\"de-LEICHT\",\"potentialAction\":[{\"@type\":\"ReadAction\",\"target\":[\"https:\/\/www.pasodoble.de\/unsere-leistungen\/hausmeisterservice\/\"]}]},{\"@type\":\"ImageObject\",\"inLanguage\":\"de-LEICHT\",\"@id\":\"https:\/\/www.pasodoble.de\/unsere-leistungen\/hausmeisterservice\/#primaryimage\",\"url\":\"https:\/\/www.pasodoble.de\/wp-content\/uploads\/Kopfzeile_Hausmeisterservice_Leichte_Sprache_1200x500.png\",\"contentUrl\":\"https:\/\/www.pasodoble.de\/wp-content\/uploads\/Kopfzeile_Hausmeisterservice_Leichte_Sprache_1200x500.png\",\"width\":1200,\"height\":500,\"caption\":\"Zeichen f\u00fcr Leichte Sprache, daneben Foto: schwarzer gef\u00fcllter Werkzeugkoffer, davor steht ein gelber Akkuschrauber\"},{\"@type\":\"BreadcrumbList\",\"@id\":\"https:\/\/www.pasodoble.de\/unsere-leistungen\/hausmeisterservice\/#breadcrumb\",\"itemListElement\":[{\"@type\":\"ListItem\",\"position\":1,\"name\":\"Start\",\"item\":\"https:\/\/www.pasodoble.de\/leicht\/\"},{\"@type\":\"ListItem\",\"position\":2,\"name\":\"Unsere Leistungen\",\"item\":\"https:\/\/www.pasodoble.de\/leicht\/leistungen\/\"},{\"@type\":\"ListItem\",\"position\":3,\"name\":\"Hausmeister-Dienst\"}]},{\"@type\":\"WebSite\",\"@id\":\"https:\/\/www.pasodoble.de\/#website\",\"url\":\"https:\/\/www.pasodoble.de\/\",\"name\":\"paso doble\",\"description\":\"Inklusionsunternehmen\",\"potentialAction\":[{\"@type\":\"SearchAction\",\"target\":{\"@type\":\"EntryPoint\",\"urlTemplate\":\"https:\/\/www.pasodoble.de\/?s={search_term_string}\"},\"query-input\":{\"@type\":\"PropertyValueSpecification\",\"valueRequired\":true,\"valueName\":\"search_term_string\"}}],\"inLanguage\":\"de-LEICHT\"}]}<\/script>\n<!-- \/ Yoast SEO plugin. -->","yoast_head_json":{"title":"Hausmeister-Dienst - paso doble %","robots":{"index":"index","follow":"follow","max-snippet":"max-snippet:-1","max-image-preview":"max-image-preview:large","max-video-preview":"max-video-preview:-1"},"canonical":"https:\/\/www.pasodoble.de\/unsere-leistungen\/hausmeisterservice\/","og_locale":"de_DE","og_type":"article","og_title":"Hausmeister-Dienst - paso doble %","og_description":"[vc_row type=&#8221;container&#8221; padding_top=&#8221;&#8221; padding_bottom=&#8221;&#8221; css=&#8221;.vc_custom_1444503683289{margin-bottom: 0px !important;}&#8221;][vc_column][\/vc_column][\/vc_row][vc_row type=&#8221;container&#8221; padding_top=&#8221;&#8221; padding_bottom=&#8221;&#8221;][vc_column][vc_column_text] Hausmeister-Dienst [\/vc_column_text][\/vc_column][\/vc_row][vc_row type=&#8221;container&#8221; padding_top=&#8221;&#8221; padding_bottom=&#8221;&#8221; css=&#8221;.vc_custom_1449576470084{margin-bottom: 0px !important;}&#8221;][vc_column width=&#8221;2\/3&#8243;][vc_column_text]In jedem Haus geht einmal etwas kaputt. Das kann ganz sch\u00f6n nerven. Dann ist der Hausmeister wirklich ein Held! Wir helfen bei Problemen im Haus, und bei Arbeiten in Ihrem Grundst\u00fcck. Unsere Fachleute erledigen das. Wir\u00a0 \u00fcbernehmen [&hellip;]","og_url":"https:\/\/www.pasodoble.de\/unsere-leistungen\/hausmeisterservice\/","og_site_name":"paso doble","article_modified_time":"2017-06-15T14:21:30+00:00","og_image":[{"width":1200,"height":500,"url":"https:\/\/www.pasodoble.de\/wp-content\/uploads\/Kopfzeile_Hausmeisterservice_Leichte_Sprache_1200x500.png","type":"image\/png"}],"twitter_card":"summary_large_image","twitter_misc":{"Est. reading time":"2 minutes"},"schema":{"@context":"https:\/\/schema.org","@graph":[{"@type":"WebPage","@id":"https:\/\/www.pasodoble.de\/unsere-leistungen\/hausmeisterservice\/","url":"https:\/\/www.pasodoble.de\/unsere-leistungen\/hausmeisterservice\/","name":"Hausmeister-Dienst - paso doble %","isPartOf":{"@id":"https:\/\/www.pasodoble.de\/#website"},"primaryImageOfPage":{"@id":"https:\/\/www.pasodoble.de\/unsere-leistungen\/hausmeisterservice\/#primaryimage"},"image":{"@id":"https:\/\/www.pasodoble.de\/unsere-leistungen\/hausmeisterservice\/#primaryimage"},"thumbnailUrl":"https:\/\/www.pasodoble.de\/wp-content\/uploads\/Kopfzeile_Hausmeisterservice_Leichte_Sprache_1200x500.png","datePublished":"2016-03-21T14:19:42+00:00","dateModified":"2017-06-15T14:21:30+00:00","breadcrumb":{"@id":"https:\/\/www.pasodoble.de\/unsere-leistungen\/hausmeisterservice\/#breadcrumb"},"inLanguage":"de-LEICHT","potentialAction":[{"@type":"ReadAction","target":["https:\/\/www.pasodoble.de\/unsere-leistungen\/hausmeisterservice\/"]}]},{"@type":"ImageObject","inLanguage":"de-LEICHT","@id":"https:\/\/www.pasodoble.de\/unsere-leistungen\/hausmeisterservice\/#primaryimage","url":"https:\/\/www.pasodoble.de\/wp-content\/uploads\/Kopfzeile_Hausmeisterservice_Leichte_Sprache_1200x500.png","contentUrl":"https:\/\/www.pasodoble.de\/wp-content\/uploads\/Kopfzeile_Hausmeisterservice_Leichte_Sprache_1200x500.png","width":1200,"height":500,"caption":"Zeichen f\u00fcr Leichte Sprache, daneben Foto: schwarzer gef\u00fcllter Werkzeugkoffer, davor steht ein gelber Akkuschrauber"},{"@type":"BreadcrumbList","@id":"https:\/\/www.pasodoble.de\/unsere-leistungen\/hausmeisterservice\/#breadcrumb","itemListElement":[{"@type":"ListItem","position":1,"name":"Start","item":"https:\/\/www.pasodoble.de\/leicht\/"},{"@type":"ListItem","position":2,"name":"Unsere Leistungen","item":"https:\/\/www.pasodoble.de\/leicht\/leistungen\/"},{"@type":"ListItem","position":3,"name":"Hausmeister-Dienst"}]},{"@type":"WebSite","@id":"https:\/\/www.pasodoble.de\/#website","url":"https:\/\/www.pasodoble.de\/","name":"paso doble","description":"Inklusionsunternehmen","potentialAction":[{"@type":"SearchAction","target":{"@type":"EntryPoint","urlTemplate":"https:\/\/www.pasodoble.de\/?s={search_term_string}"},"query-input":{"@type":"PropertyValueSpecification","valueRequired":true,"valueName":"search_term_string"}}],"inLanguage":"de-LEICHT"}]}},"publishpress_future_action":{"enabled":false,"date":"2026-04-28 13:34:45","action":"change-status","newStatus":"draft","terms":[],"taxonomy":"translation_priority","extraData":[]},"publishpress_future_workflow_manual_trigger":{"enabledWorkflows":[]},"_links":{"self":[{"href":"https:\/\/www.pasodoble.de\/leicht\/wp-json\/wp\/v2\/pages\/72599","targetHints":{"allow":["GET"]}}],"collection":[{"href":"https:\/\/www.pasodoble.de\/leicht\/wp-json\/wp\/v2\/pages"}],"about":[{"href":"https:\/\/www.pasodoble.de\/leicht\/wp-json\/wp\/v2\/types\/page"}],"author":[{"embeddable":true,"href":"https:\/\/www.pasodoble.de\/leicht\/wp-json\/wp\/v2\/users\/1"}],"replies":[{"embeddable":true,"href":"https:\/\/www.pasodoble.de\/leicht\/wp-json\/wp\/v2\/comments?post=72599"}],"version-history":[{"count":15,"href":"https:\/\/www.pasodoble.de\/leicht\/wp-json\/wp\/v2\/pages\/72599\/revisions"}],"predecessor-version":[{"id":73494,"href":"https:\/\/www.pasodoble.de\/leicht\/wp-json\/wp\/v2\/pages\/72599\/revisions\/73494"}],"up":[{"embeddable":true,"href":"https:\/\/www.pasodoble.de\/leicht\/wp-json\/wp\/v2\/pages\/72141"}],"wp:featuredmedia":[{"embeddable":true,"href":"https:\/\/www.pasodoble.de\/leicht\/wp-json\/wp\/v2\/media\/72839"}],"wp:attachment":[{"href":"https:\/\/www.pasodoble.de\/leicht\/wp-json\/wp\/v2\/media?parent=72599"}],"curies":[{"name":"wp","href":"https:\/\/api.w.org\/{rel}","templated":true}]}}