{"id":72588,"date":"2016-05-18T12:10:24","date_gmt":"2016-05-18T10:10:24","guid":{"rendered":"http:\/\/pasodoble.dev.moewe.io\/leicht\/unsere-leistungen\/umzugs-und-transportservice\/"},"modified":"2025-02-24T14:04:33","modified_gmt":"2025-02-24T13:04:33","slug":"umzug-und-transport","status":"publish","type":"page","link":"https:\/\/www.pasodoble.de\/leicht\/leistungen\/umzug-und-transport\/","title":{"rendered":"Umzug und Transport"},"content":{"rendered":"<div id=\"pasodoble-readspeaker-72588\"><div class=\"wpb-content-wrapper\"><p>[vc_row type=&#8221;container&#8221; padding_top=&#8221;&#8221; padding_bottom=&#8221;&#8221; css=&#8221;.vc_custom_1444503683289{margin-bottom: 0px !important;}&#8221;][vc_column]<div id=\"readspeaker_button1\" class=\"rs_skip rsbtn rs_preserve\"><a rel=\"nofollow\" class=\"rsbtn_play\" accesskey=\"L\" title=\"Um den Text anzuh\u00f6ren, verwenden Sie bitte ReadSpeaker\" href=\"https:\/\/app-eu.readspeaker.com\/cgi-bin\/rsent?customerid=8650&amp;lang=de_de&amp;readid=pasodoble-readspeaker-72588&amp;url=https%3A%2F%2Fwww.pasodoble.de%2Fleicht%2Fleistungen%2Fumzug-und-transport%2F\">  <span class=\"rsbtn_left rsimg rspart\"><span class=\"rsbtn_text\"><span>Vorlesen<\/span><\/span><\/span>  <span class=\"rsbtn_right rsimg rsplay rspart\"><\/span><\/a><\/div>[\/vc_column][\/vc_row][vc_row type=&#8221;container&#8221; padding_top=&#8221;&#8221; padding_bottom=&#8221;&#8221;][vc_column][vc_column_text]<\/p>\n<h2><strong>Umzug und Transport<\/strong><\/h2>\n<p>[\/vc_column_text][\/vc_column][\/vc_row][vc_row type=&#8221;container&#8221; padding_top=&#8221;&#8221; padding_bottom=&#8221;&#8221; css=&#8221;.vc_custom_1449576470084{margin-bottom: 0px !important;}&#8221;][vc_column width=&#8221;2\/3&#8243;][vc_column_text]Ein Umzug macht viel Arbeit.<br \/>\nAber wir k\u00f6nnen helfen.<br \/>\nSchwere Dinge sind kein Problem f\u00fcr uns.<br \/>\nWir sind eine starke Mannschaft.<br \/>\nWir k\u00fcmmern uns gut um Ihre Sachen.<br \/>\nWir r\u00e4umen auch gern auf.<br \/>\nZum Beispiel das alte Ger\u00fcmpel vom Dachboden.<\/p>\n<p>Diese Arbeiten k\u00f6nnen wir erledigen:<\/p>\n<ul>\n<li>Transport-Fahrten<\/li>\n<li>Ausr\u00e4umen und Entr\u00fcmpeln<\/li>\n<li>Kleine Umz\u00fcge<\/li>\n<li>Fahrten als schneller Bote<\/li>\n<\/ul>\n<p>[\/vc_column_text][\/vc_column][vc_column width=&#8221;1\/3&#8243;][vc_single_image image=&#8221;71410&#8243; img_size=&#8221;full&#8221;][\/vc_column][\/vc_row][vc_row type=&#8221;container&#8221;][vc_column][vc_column_text]<\/p>\n<h2><strong>Sie wollen bei uns arbeiten?<\/strong><\/h2>\n<p><a href=\"https:\/\/www.pasodoble.de\/leicht\/jobs\/\">Dann klicken Sie hier und Sie kommen auf unsere Job-Seite.<\/a><\/p>\n<p>Dort gibt es alle Stellen-Angebote.<br \/>\nUnd Sie erfahren, was wir Ihnen als Mitarbeiter bieten.<br \/>\nEinige Mitarbeiter erz\u00e4hlen dort \u00fcber ihre Arbeit.[\/vc_column_text][\/vc_column][\/vc_row]<\/p>\n<\/div><\/div>","protected":false},"excerpt":{"rendered":"<p>[vc_row type=&#8221;container&#8221; padding_top=&#8221;&#8221; padding_bottom=&#8221;&#8221; css=&#8221;.vc_custom_1444503683289{margin-bottom: 0px !important;}&#8221;][vc_column][\/vc_column][\/vc_row][vc_row type=&#8221;container&#8221; padding_top=&#8221;&#8221; padding_bottom=&#8221;&#8221;][vc_column][vc_column_text] Umzug und Transport [\/vc_column_text][\/vc_column][\/vc_row][vc_row type=&#8221;container&#8221; padding_top=&#8221;&#8221; padding_bottom=&#8221;&#8221; css=&#8221;.vc_custom_1449576470084{margin-bottom: 0px !important;}&#8221;][vc_column width=&#8221;2\/3&#8243;][vc_column_text]Ein Umzug macht viel Arbeit. Aber wir k\u00f6nnen helfen. Schwere Dinge sind kein Problem f\u00fcr uns. Wir sind eine starke Mannschaft. Wir k\u00fcmmern uns gut um Ihre Sachen. Wir r\u00e4umen auch gern auf. Zum Beispiel [&hellip;]<\/p>\n","protected":false},"author":2,"featured_media":72845,"parent":72141,"menu_order":30,"comment_status":"closed","ping_status":"closed","template":"","meta":{"_acf_changed":false,"footnotes":""},"class_list":["post-72588","page","type-page","status-publish","has-post-thumbnail","hentry"],"acf":[],"yoast_head":"<!-- This site is optimized with the Yoast SEO plugin v27.4 - https:\/\/yoast.com\/product\/yoast-seo-wordpress\/ -->\n<title>Umz\u00fcge und Transporte in Radeberg bei Dresden mit paso doble<\/title>\n<meta name=\"description\" content=\"Umz\u00fcge und Transporte f\u00fchrt das Inklusionsunternehmen paso doble in Radeberg, Dresden und Umgebung durch. Niedrige Preise, hohe Qualit\u00e4t\" \/>\n<meta name=\"robots\" content=\"index, follow, max-snippet:-1, max-image-preview:large, max-video-preview:-1\" \/>\n<link rel=\"canonical\" href=\"https:\/\/www.pasodoble.de\/leicht\/leistungen\/umzug-und-transport\/\" \/>\n<meta property=\"og:locale\" content=\"de_DE\" \/>\n<meta property=\"og:type\" content=\"article\" \/>\n<meta property=\"og:title\" content=\"Umz\u00fcge und Transporte in Radeberg bei Dresden mit paso doble\" \/>\n<meta property=\"og:description\" content=\"Umz\u00fcge und Transporte f\u00fchrt das Inklusionsunternehmen paso doble in Radeberg, Dresden und Umgebung durch. Niedrige Preise, hohe Qualit\u00e4t\" \/>\n<meta property=\"og:url\" content=\"https:\/\/www.pasodoble.de\/leicht\/leistungen\/umzug-und-transport\/\" \/>\n<meta property=\"og:site_name\" content=\"paso doble\" \/>\n<meta property=\"article:modified_time\" content=\"2025-02-24T13:04:33+00:00\" \/>\n<meta property=\"og:image\" content=\"https:\/\/www.pasodoble.de\/wp-content\/uploads\/Kopfzeile_Transport_Leichte_Sprache_1200x500.png\" \/>\n\t<meta property=\"og:image:width\" content=\"1200\" \/>\n\t<meta property=\"og:image:height\" content=\"500\" \/>\n\t<meta property=\"og:image:type\" content=\"image\/png\" \/>\n<meta name=\"twitter:card\" content=\"summary_large_image\" \/>\n<meta name=\"twitter:label1\" content=\"Est. reading time\" \/>\n\t<meta name=\"twitter:data1\" content=\"2 minutes\" \/>\n<script type=\"application\/ld+json\" class=\"yoast-schema-graph\">{\"@context\":\"https:\\\/\\\/schema.org\",\"@graph\":[{\"@type\":\"WebPage\",\"@id\":\"https:\\\/\\\/www.pasodoble.de\\\/leicht\\\/leistungen\\\/umzug-und-transport\\\/\",\"url\":\"https:\\\/\\\/www.pasodoble.de\\\/leicht\\\/leistungen\\\/umzug-und-transport\\\/\",\"name\":\"Umz\u00fcge und Transporte in Radeberg bei Dresden mit paso doble\",\"isPartOf\":{\"@id\":\"https:\\\/\\\/www.pasodoble.de\\\/#website\"},\"primaryImageOfPage\":{\"@id\":\"https:\\\/\\\/www.pasodoble.de\\\/leicht\\\/leistungen\\\/umzug-und-transport\\\/#primaryimage\"},\"image\":{\"@id\":\"https:\\\/\\\/www.pasodoble.de\\\/leicht\\\/leistungen\\\/umzug-und-transport\\\/#primaryimage\"},\"thumbnailUrl\":\"https:\\\/\\\/www.pasodoble.de\\\/wp-content\\\/uploads\\\/Kopfzeile_Transport_Leichte_Sprache_1200x500.png\",\"datePublished\":\"2016-05-18T10:10:24+00:00\",\"dateModified\":\"2025-02-24T13:04:33+00:00\",\"description\":\"Umz\u00fcge und Transporte f\u00fchrt das Inklusionsunternehmen paso doble in Radeberg, Dresden und Umgebung durch. Niedrige Preise, hohe Qualit\u00e4t\",\"breadcrumb\":{\"@id\":\"https:\\\/\\\/www.pasodoble.de\\\/leicht\\\/leistungen\\\/umzug-und-transport\\\/#breadcrumb\"},\"inLanguage\":\"de-LEICHT\",\"potentialAction\":[{\"@type\":\"ReadAction\",\"target\":[\"https:\\\/\\\/www.pasodoble.de\\\/leicht\\\/leistungen\\\/umzug-und-transport\\\/\"]}]},{\"@type\":\"ImageObject\",\"inLanguage\":\"de-LEICHT\",\"@id\":\"https:\\\/\\\/www.pasodoble.de\\\/leicht\\\/leistungen\\\/umzug-und-transport\\\/#primaryimage\",\"url\":\"https:\\\/\\\/www.pasodoble.de\\\/wp-content\\\/uploads\\\/Kopfzeile_Transport_Leichte_Sprache_1200x500.png\",\"contentUrl\":\"https:\\\/\\\/www.pasodoble.de\\\/wp-content\\\/uploads\\\/Kopfzeile_Transport_Leichte_Sprache_1200x500.png\",\"width\":1200,\"height\":500,\"caption\":\"Zeichen f\u00fcr leichte Sprache, daneben Foto: Hubwagen mit Kartons\"},{\"@type\":\"BreadcrumbList\",\"@id\":\"https:\\\/\\\/www.pasodoble.de\\\/leicht\\\/leistungen\\\/umzug-und-transport\\\/#breadcrumb\",\"itemListElement\":[{\"@type\":\"ListItem\",\"position\":1,\"name\":\"Start\",\"item\":\"https:\\\/\\\/www.pasodoble.de\\\/leicht\\\/\"},{\"@type\":\"ListItem\",\"position\":2,\"name\":\"Unsere Leistungen\",\"item\":\"https:\\\/\\\/www.pasodoble.de\\\/leicht\\\/leistungen\\\/\"},{\"@type\":\"ListItem\",\"position\":3,\"name\":\"Umzug und Transport\"}]},{\"@type\":\"WebSite\",\"@id\":\"https:\\\/\\\/www.pasodoble.de\\\/#website\",\"url\":\"https:\\\/\\\/www.pasodoble.de\\\/\",\"name\":\"paso doble\",\"description\":\"Inklusionsunternehmen\",\"potentialAction\":[{\"@type\":\"SearchAction\",\"target\":{\"@type\":\"EntryPoint\",\"urlTemplate\":\"https:\\\/\\\/www.pasodoble.de\\\/?s={search_term_string}\"},\"query-input\":{\"@type\":\"PropertyValueSpecification\",\"valueRequired\":true,\"valueName\":\"search_term_string\"}}],\"inLanguage\":\"de-LEICHT\"}]}<\/script>\n<!-- \/ Yoast SEO plugin. -->","yoast_head_json":{"title":"Umz\u00fcge und Transporte in Radeberg bei Dresden mit paso doble","description":"Umz\u00fcge und Transporte f\u00fchrt das Inklusionsunternehmen paso doble in Radeberg, Dresden und Umgebung durch. Niedrige Preise, hohe Qualit\u00e4t","robots":{"index":"index","follow":"follow","max-snippet":"max-snippet:-1","max-image-preview":"max-image-preview:large","max-video-preview":"max-video-preview:-1"},"canonical":"https:\/\/www.pasodoble.de\/leicht\/leistungen\/umzug-und-transport\/","og_locale":"de_DE","og_type":"article","og_title":"Umz\u00fcge und Transporte in Radeberg bei Dresden mit paso doble","og_description":"Umz\u00fcge und Transporte f\u00fchrt das Inklusionsunternehmen paso doble in Radeberg, Dresden und Umgebung durch. Niedrige Preise, hohe Qualit\u00e4t","og_url":"https:\/\/www.pasodoble.de\/leicht\/leistungen\/umzug-und-transport\/","og_site_name":"paso doble","article_modified_time":"2025-02-24T13:04:33+00:00","og_image":[{"width":1200,"height":500,"url":"https:\/\/www.pasodoble.de\/wp-content\/uploads\/Kopfzeile_Transport_Leichte_Sprache_1200x500.png","type":"image\/png"}],"twitter_card":"summary_large_image","twitter_misc":{"Est. reading time":"2 minutes"},"schema":{"@context":"https:\/\/schema.org","@graph":[{"@type":"WebPage","@id":"https:\/\/www.pasodoble.de\/leicht\/leistungen\/umzug-und-transport\/","url":"https:\/\/www.pasodoble.de\/leicht\/leistungen\/umzug-und-transport\/","name":"Umz\u00fcge und Transporte in Radeberg bei Dresden mit paso doble","isPartOf":{"@id":"https:\/\/www.pasodoble.de\/#website"},"primaryImageOfPage":{"@id":"https:\/\/www.pasodoble.de\/leicht\/leistungen\/umzug-und-transport\/#primaryimage"},"image":{"@id":"https:\/\/www.pasodoble.de\/leicht\/leistungen\/umzug-und-transport\/#primaryimage"},"thumbnailUrl":"https:\/\/www.pasodoble.de\/wp-content\/uploads\/Kopfzeile_Transport_Leichte_Sprache_1200x500.png","datePublished":"2016-05-18T10:10:24+00:00","dateModified":"2025-02-24T13:04:33+00:00","description":"Umz\u00fcge und Transporte f\u00fchrt das Inklusionsunternehmen paso doble in Radeberg, Dresden und Umgebung durch. Niedrige Preise, hohe Qualit\u00e4t","breadcrumb":{"@id":"https:\/\/www.pasodoble.de\/leicht\/leistungen\/umzug-und-transport\/#breadcrumb"},"inLanguage":"de-LEICHT","potentialAction":[{"@type":"ReadAction","target":["https:\/\/www.pasodoble.de\/leicht\/leistungen\/umzug-und-transport\/"]}]},{"@type":"ImageObject","inLanguage":"de-LEICHT","@id":"https:\/\/www.pasodoble.de\/leicht\/leistungen\/umzug-und-transport\/#primaryimage","url":"https:\/\/www.pasodoble.de\/wp-content\/uploads\/Kopfzeile_Transport_Leichte_Sprache_1200x500.png","contentUrl":"https:\/\/www.pasodoble.de\/wp-content\/uploads\/Kopfzeile_Transport_Leichte_Sprache_1200x500.png","width":1200,"height":500,"caption":"Zeichen f\u00fcr leichte Sprache, daneben Foto: Hubwagen mit Kartons"},{"@type":"BreadcrumbList","@id":"https:\/\/www.pasodoble.de\/leicht\/leistungen\/umzug-und-transport\/#breadcrumb","itemListElement":[{"@type":"ListItem","position":1,"name":"Start","item":"https:\/\/www.pasodoble.de\/leicht\/"},{"@type":"ListItem","position":2,"name":"Unsere Leistungen","item":"https:\/\/www.pasodoble.de\/leicht\/leistungen\/"},{"@type":"ListItem","position":3,"name":"Umzug und Transport"}]},{"@type":"WebSite","@id":"https:\/\/www.pasodoble.de\/#website","url":"https:\/\/www.pasodoble.de\/","name":"paso doble","description":"Inklusionsunternehmen","potentialAction":[{"@type":"SearchAction","target":{"@type":"EntryPoint","urlTemplate":"https:\/\/www.pasodoble.de\/?s={search_term_string}"},"query-input":{"@type":"PropertyValueSpecification","valueRequired":true,"valueName":"search_term_string"}}],"inLanguage":"de-LEICHT"}]}},"publishpress_future_action":{"enabled":false,"date":"2026-05-05 16:42:20","action":"change-status","newStatus":"draft","terms":[],"taxonomy":"translation_priority","extraData":[]},"publishpress_future_workflow_manual_trigger":{"enabledWorkflows":[]},"_links":{"self":[{"href":"https:\/\/www.pasodoble.de\/leicht\/wp-json\/wp\/v2\/pages\/72588","targetHints":{"allow":["GET"]}}],"collection":[{"href":"https:\/\/www.pasodoble.de\/leicht\/wp-json\/wp\/v2\/pages"}],"about":[{"href":"https:\/\/www.pasodoble.de\/leicht\/wp-json\/wp\/v2\/types\/page"}],"author":[{"embeddable":true,"href":"https:\/\/www.pasodoble.de\/leicht\/wp-json\/wp\/v2\/users\/2"}],"replies":[{"embeddable":true,"href":"https:\/\/www.pasodoble.de\/leicht\/wp-json\/wp\/v2\/comments?post=72588"}],"version-history":[{"count":12,"href":"https:\/\/www.pasodoble.de\/leicht\/wp-json\/wp\/v2\/pages\/72588\/revisions"}],"predecessor-version":[{"id":75343,"href":"https:\/\/www.pasodoble.de\/leicht\/wp-json\/wp\/v2\/pages\/72588\/revisions\/75343"}],"up":[{"embeddable":true,"href":"https:\/\/www.pasodoble.de\/leicht\/wp-json\/wp\/v2\/pages\/72141"}],"wp:featuredmedia":[{"embeddable":true,"href":"https:\/\/www.pasodoble.de\/leicht\/wp-json\/wp\/v2\/media\/72845"}],"wp:attachment":[{"href":"https:\/\/www.pasodoble.de\/leicht\/wp-json\/wp\/v2\/media?parent=72588"}],"curies":[{"name":"wp","href":"https:\/\/api.w.org\/{rel}","templated":true}]}}