{"id":72574,"date":"2016-05-18T10:56:54","date_gmt":"2016-05-18T08:56:54","guid":{"rendered":"http:\/\/pasodoble.dev.moewe.io\/leicht\/unsere-leistungen\/gebaeudereinigung\/"},"modified":"2017-06-15T16:19:57","modified_gmt":"2017-06-15T14:19:57","slug":"gebaeude-reinigung","status":"publish","type":"page","link":"https:\/\/www.pasodoble.de\/leicht\/leistungen\/gebaeude-reinigung\/","title":{"rendered":"Geb\u00e4ude-Reinigung"},"content":{"rendered":"<div id=\"pasodoble-readspeaker-72574\"><div class=\"wpb-content-wrapper\"><p>[vc_row type=&#8221;container&#8221; padding_top=&#8221;&#8221; padding_bottom=&#8221;&#8221; css=&#8221;.vc_custom_1444503683289{margin-bottom: 0px !important;}&#8221;][vc_column]<div id=\"readspeaker_button1\" class=\"rs_skip rsbtn rs_preserve\"><a rel=\"nofollow\" class=\"rsbtn_play\" accesskey=\"L\" title=\"Um den Text anzuh\u00f6ren, verwenden Sie bitte ReadSpeaker\" href=\"https:\/\/app-eu.readspeaker.com\/cgi-bin\/rsent?customerid=8650&amp;lang=de_de&amp;readid=pasodoble-readspeaker-72574&amp;url=https%3A%2F%2Fwww.pasodoble.de%2Fleicht%2Fleistungen%2Fgebaeude-reinigung%2F\">  <span class=\"rsbtn_left rsimg rspart\"><span class=\"rsbtn_text\"><span>Vorlesen<\/span><\/span><\/span>  <span class=\"rsbtn_right rsimg rsplay rspart\"><\/span><\/a><\/div>[\/vc_column][\/vc_row][vc_row type=&#8221;container&#8221; padding_top=&#8221;&#8221; padding_bottom=&#8221;&#8221;][vc_column][vc_column_text]<\/p>\n<h2><strong>Geb\u00e4ude-Reinigung<\/strong><\/h2>\n<p>[\/vc_column_text][\/vc_column][\/vc_row][vc_row type=&#8221;container&#8221; padding_top=&#8221;&#8221; padding_bottom=&#8221;&#8221; css=&#8221;.vc_custom_1449576470084{margin-bottom: 0px !important;}&#8221;][vc_column width=&#8221;2\/3&#8243;][vc_column_text]Wir machen alles sauber!<br \/>\nFenster, Fu\u00dfboden oder W\u00e4nde werden von uns gereinigt.<br \/>\nWir arbeiten in Wohnungen, in Betrieben oder auf Baustellen.<br \/>\nDer Schmutz hat gegen uns keine Chance!<\/p>\n<p>Das bieten wir an:<\/p>\n<ul>\n<li>Putzen von Fenstern und Glas-Fl\u00e4chen<\/li>\n<li>Gr\u00fcndlicher Haus-Putz<\/li>\n<li>Wir benutzen Reinigungs-Maschinen<\/li>\n<li>Wir \u00fcbernehmen alle Putz-Arbeiten f\u00fcr einen Bereich<br \/>\n&#8211; F\u00fcr Arzt-Praxen<br \/>\n&#8211; F\u00fcr B\u00fcros<br \/>\n&#8211; F\u00fcr Werkst\u00e4tten<\/li>\n<li>Reinigung nach Bau-Arbeiten<\/li>\n<li>Treppenh\u00e4user sauber machen<\/li>\n<li>Holz-Fu\u00dfb\u00f6den abschleifen<\/li>\n<li>Fu\u00dfb\u00f6den versiegeln<\/li>\n<li>Teppiche und Fu\u00df-Abtreter reinigen<\/li>\n<li>besondere Reinigungs-Aufgaben<\/li>\n<\/ul>\n<p>[\/vc_column_text][\/vc_column][vc_column width=&#8221;1\/3&#8243;][vc_single_image image=&#8221;71364&#8243; img_size=&#8221;full&#8221;][\/vc_column][\/vc_row][vc_row type=&#8221;container&#8221;][vc_column][vc_text_separator title=&#8221;&#8221; i_icon_fontawesome=&#8221;fa fa-comment-o&#8221; i_color=&#8221;custom&#8221; i_background_style=&#8221;rounded&#8221; i_background_color=&#8221;custom&#8221; color=&#8221;custom&#8221; add_icon=&#8221;true&#8221; accent_color=&#8221;#cc0000&#8243; i_custom_color=&#8221;#ffffff&#8221; i_custom_background_color=&#8221;#cc0000&#8243;][\/vc_column][\/vc_row][vc_row content_placement=&#8221;top&#8221; type=&#8221;container&#8221; padding_top=&#8221;&#8221; padding_bottom=&#8221;&#8221;][vc_column width=&#8221;1\/2&#8243;][vc_empty_space height=&#8221;40px&#8221;][vc_single_image image=&#8221;71367&#8243; img_size=&#8221;full&#8221;][\/vc_column][vc_column width=&#8221;1\/2&#8243;][vc_column_text]<\/p>\n<blockquote><p>\u201eSeit ich denken kann, lobt mich meine Oma f\u00fcr meinen Flei\u00df. Und wie jede Frau liebe ich nat\u00fcrlich Shopping und Schuhe. Aber das ist ein anderes Thema.\u201c<\/p><\/blockquote>\n<p>[\/vc_column_text][vc_column_text]Susann ist Olympia-Meisterin im Kehren.<br \/>\nSie hat Spa\u00df an ihrer Arbeit.<br \/>\nSusann liebt ihre Arbeit sehr.<\/p>\n<p>Sie wollen mehr \u00fcber unsere Mitarbeiter wissen?<br \/>\n<a href=\"https:\/\/www.pasodoble.de\/leicht\/jobs\/#michael\"> Dann klicken Sie hier.<\/a>[\/vc_column_text][\/vc_column][\/vc_row][vc_row type=&#8221;container&#8221;][vc_column][vc_column_text]<\/p>\n<h2><strong>Sie wollen bei uns arbeiten?<\/strong><\/h2>\n<p><a href=\"https:\/\/www.pasodoble.de\/leicht\/jobs\/\">Dann klicken Sie hier und Sie kommen auf unsere Job-Seite.<\/a><\/p>\n<p>Dort gibt es alle Stellen-Angebote.<br \/>\nUnd Sie erfahren, was wir Ihnen als Mitarbeiter bieten.<br \/>\nEinige Mitarbeiter erz\u00e4hlen dort \u00fcber ihre Arbeit.[\/vc_column_text][\/vc_column][\/vc_row]<\/p>\n<\/div><\/div>","protected":false},"excerpt":{"rendered":"<p>[vc_row type=&#8221;container&#8221; padding_top=&#8221;&#8221; padding_bottom=&#8221;&#8221; css=&#8221;.vc_custom_1444503683289{margin-bottom: 0px !important;}&#8221;][vc_column][\/vc_column][\/vc_row][vc_row type=&#8221;container&#8221; padding_top=&#8221;&#8221; padding_bottom=&#8221;&#8221;][vc_column][vc_column_text] Geb\u00e4ude-Reinigung [\/vc_column_text][\/vc_column][\/vc_row][vc_row type=&#8221;container&#8221; padding_top=&#8221;&#8221; padding_bottom=&#8221;&#8221; css=&#8221;.vc_custom_1449576470084{margin-bottom: 0px !important;}&#8221;][vc_column width=&#8221;2\/3&#8243;][vc_column_text]Wir machen alles sauber! Fenster, Fu\u00dfboden oder W\u00e4nde werden von uns gereinigt. Wir arbeiten in Wohnungen, in Betrieben oder auf Baustellen. Der Schmutz hat gegen uns keine Chance! Das bieten wir an: Putzen von Fenstern und Glas-Fl\u00e4chen [&hellip;]<\/p>\n","protected":false},"author":2,"featured_media":72841,"parent":72141,"menu_order":10,"comment_status":"closed","ping_status":"closed","template":"","meta":{"_acf_changed":false,"footnotes":""},"class_list":["post-72574","page","type-page","status-publish","has-post-thumbnail","hentry"],"acf":[],"yoast_head":"<!-- This site is optimized with the Yoast SEO plugin v27.4 - https:\/\/yoast.com\/product\/yoast-seo-wordpress\/ -->\n<title>Geb\u00e4udereinigung Dresden und Umgebung<\/title>\n<meta name=\"description\" content=\"Geb\u00e4udereinigung, Treppen\" \/>\n<meta name=\"robots\" content=\"index, follow, max-snippet:-1, max-image-preview:large, max-video-preview:-1\" \/>\n<link rel=\"canonical\" href=\"https:\/\/www.pasodoble.de\/leicht\/leistungen\/gebaeude-reinigung\/\" \/>\n<meta property=\"og:locale\" content=\"de_DE\" \/>\n<meta property=\"og:type\" content=\"article\" \/>\n<meta property=\"og:title\" content=\"Geb\u00e4udereinigung Dresden und Umgebung\" \/>\n<meta property=\"og:description\" content=\"Geb\u00e4udereinigung, Treppen\" \/>\n<meta property=\"og:url\" content=\"https:\/\/www.pasodoble.de\/leicht\/leistungen\/gebaeude-reinigung\/\" \/>\n<meta property=\"og:site_name\" content=\"paso doble\" \/>\n<meta property=\"article:modified_time\" content=\"2017-06-15T14:19:57+00:00\" \/>\n<meta property=\"og:image\" content=\"https:\/\/www.pasodoble.de\/wp-content\/uploads\/Kopfzeile_Gebaeudereinigung_Leichte_Spraceh_1200x500.png\" \/>\n\t<meta property=\"og:image:width\" content=\"1200\" \/>\n\t<meta property=\"og:image:height\" content=\"500\" \/>\n\t<meta property=\"og:image:type\" content=\"image\/png\" \/>\n<meta name=\"twitter:card\" content=\"summary_large_image\" \/>\n<meta name=\"twitter:label1\" content=\"Est. reading time\" \/>\n\t<meta name=\"twitter:data1\" content=\"2 minutes\" \/>\n<script type=\"application\/ld+json\" class=\"yoast-schema-graph\">{\"@context\":\"https:\\\/\\\/schema.org\",\"@graph\":[{\"@type\":\"WebPage\",\"@id\":\"https:\\\/\\\/www.pasodoble.de\\\/leicht\\\/leistungen\\\/gebaeude-reinigung\\\/\",\"url\":\"https:\\\/\\\/www.pasodoble.de\\\/leicht\\\/leistungen\\\/gebaeude-reinigung\\\/\",\"name\":\"Geb\u00e4udereinigung Dresden und Umgebung\",\"isPartOf\":{\"@id\":\"https:\\\/\\\/www.pasodoble.de\\\/#website\"},\"primaryImageOfPage\":{\"@id\":\"https:\\\/\\\/www.pasodoble.de\\\/leicht\\\/leistungen\\\/gebaeude-reinigung\\\/#primaryimage\"},\"image\":{\"@id\":\"https:\\\/\\\/www.pasodoble.de\\\/leicht\\\/leistungen\\\/gebaeude-reinigung\\\/#primaryimage\"},\"thumbnailUrl\":\"https:\\\/\\\/www.pasodoble.de\\\/wp-content\\\/uploads\\\/Kopfzeile_Gebaeudereinigung_Leichte_Spraceh_1200x500.png\",\"datePublished\":\"2016-05-18T08:56:54+00:00\",\"dateModified\":\"2017-06-15T14:19:57+00:00\",\"description\":\"Geb\u00e4udereinigung, Treppen\",\"breadcrumb\":{\"@id\":\"https:\\\/\\\/www.pasodoble.de\\\/leicht\\\/leistungen\\\/gebaeude-reinigung\\\/#breadcrumb\"},\"inLanguage\":\"de-LEICHT\",\"potentialAction\":[{\"@type\":\"ReadAction\",\"target\":[\"https:\\\/\\\/www.pasodoble.de\\\/leicht\\\/leistungen\\\/gebaeude-reinigung\\\/\"]}]},{\"@type\":\"ImageObject\",\"inLanguage\":\"de-LEICHT\",\"@id\":\"https:\\\/\\\/www.pasodoble.de\\\/leicht\\\/leistungen\\\/gebaeude-reinigung\\\/#primaryimage\",\"url\":\"https:\\\/\\\/www.pasodoble.de\\\/wp-content\\\/uploads\\\/Kopfzeile_Gebaeudereinigung_Leichte_Spraceh_1200x500.png\",\"contentUrl\":\"https:\\\/\\\/www.pasodoble.de\\\/wp-content\\\/uploads\\\/Kopfzeile_Gebaeudereinigung_Leichte_Spraceh_1200x500.png\",\"width\":1200,\"height\":500,\"caption\":\"Zeichen f\u00fcr Leichte Sprache, daneben Foto: eine Kehrschaufel, ein Besen und ein roter Eimer, darauf liegen Gummihandschuhe\"},{\"@type\":\"BreadcrumbList\",\"@id\":\"https:\\\/\\\/www.pasodoble.de\\\/leicht\\\/leistungen\\\/gebaeude-reinigung\\\/#breadcrumb\",\"itemListElement\":[{\"@type\":\"ListItem\",\"position\":1,\"name\":\"Start\",\"item\":\"https:\\\/\\\/www.pasodoble.de\\\/leicht\\\/\"},{\"@type\":\"ListItem\",\"position\":2,\"name\":\"Unsere Leistungen\",\"item\":\"https:\\\/\\\/www.pasodoble.de\\\/leicht\\\/leistungen\\\/\"},{\"@type\":\"ListItem\",\"position\":3,\"name\":\"Geb\u00e4ude-Reinigung\"}]},{\"@type\":\"WebSite\",\"@id\":\"https:\\\/\\\/www.pasodoble.de\\\/#website\",\"url\":\"https:\\\/\\\/www.pasodoble.de\\\/\",\"name\":\"paso doble\",\"description\":\"Inklusionsunternehmen\",\"potentialAction\":[{\"@type\":\"SearchAction\",\"target\":{\"@type\":\"EntryPoint\",\"urlTemplate\":\"https:\\\/\\\/www.pasodoble.de\\\/?s={search_term_string}\"},\"query-input\":{\"@type\":\"PropertyValueSpecification\",\"valueRequired\":true,\"valueName\":\"search_term_string\"}}],\"inLanguage\":\"de-LEICHT\"}]}<\/script>\n<!-- \/ Yoast SEO plugin. -->","yoast_head_json":{"title":"Geb\u00e4udereinigung Dresden und Umgebung","description":"Geb\u00e4udereinigung, Treppen","robots":{"index":"index","follow":"follow","max-snippet":"max-snippet:-1","max-image-preview":"max-image-preview:large","max-video-preview":"max-video-preview:-1"},"canonical":"https:\/\/www.pasodoble.de\/leicht\/leistungen\/gebaeude-reinigung\/","og_locale":"de_DE","og_type":"article","og_title":"Geb\u00e4udereinigung Dresden und Umgebung","og_description":"Geb\u00e4udereinigung, Treppen","og_url":"https:\/\/www.pasodoble.de\/leicht\/leistungen\/gebaeude-reinigung\/","og_site_name":"paso doble","article_modified_time":"2017-06-15T14:19:57+00:00","og_image":[{"width":1200,"height":500,"url":"https:\/\/www.pasodoble.de\/wp-content\/uploads\/Kopfzeile_Gebaeudereinigung_Leichte_Spraceh_1200x500.png","type":"image\/png"}],"twitter_card":"summary_large_image","twitter_misc":{"Est. reading time":"2 minutes"},"schema":{"@context":"https:\/\/schema.org","@graph":[{"@type":"WebPage","@id":"https:\/\/www.pasodoble.de\/leicht\/leistungen\/gebaeude-reinigung\/","url":"https:\/\/www.pasodoble.de\/leicht\/leistungen\/gebaeude-reinigung\/","name":"Geb\u00e4udereinigung Dresden und Umgebung","isPartOf":{"@id":"https:\/\/www.pasodoble.de\/#website"},"primaryImageOfPage":{"@id":"https:\/\/www.pasodoble.de\/leicht\/leistungen\/gebaeude-reinigung\/#primaryimage"},"image":{"@id":"https:\/\/www.pasodoble.de\/leicht\/leistungen\/gebaeude-reinigung\/#primaryimage"},"thumbnailUrl":"https:\/\/www.pasodoble.de\/wp-content\/uploads\/Kopfzeile_Gebaeudereinigung_Leichte_Spraceh_1200x500.png","datePublished":"2016-05-18T08:56:54+00:00","dateModified":"2017-06-15T14:19:57+00:00","description":"Geb\u00e4udereinigung, Treppen","breadcrumb":{"@id":"https:\/\/www.pasodoble.de\/leicht\/leistungen\/gebaeude-reinigung\/#breadcrumb"},"inLanguage":"de-LEICHT","potentialAction":[{"@type":"ReadAction","target":["https:\/\/www.pasodoble.de\/leicht\/leistungen\/gebaeude-reinigung\/"]}]},{"@type":"ImageObject","inLanguage":"de-LEICHT","@id":"https:\/\/www.pasodoble.de\/leicht\/leistungen\/gebaeude-reinigung\/#primaryimage","url":"https:\/\/www.pasodoble.de\/wp-content\/uploads\/Kopfzeile_Gebaeudereinigung_Leichte_Spraceh_1200x500.png","contentUrl":"https:\/\/www.pasodoble.de\/wp-content\/uploads\/Kopfzeile_Gebaeudereinigung_Leichte_Spraceh_1200x500.png","width":1200,"height":500,"caption":"Zeichen f\u00fcr Leichte Sprache, daneben Foto: eine Kehrschaufel, ein Besen und ein roter Eimer, darauf liegen Gummihandschuhe"},{"@type":"BreadcrumbList","@id":"https:\/\/www.pasodoble.de\/leicht\/leistungen\/gebaeude-reinigung\/#breadcrumb","itemListElement":[{"@type":"ListItem","position":1,"name":"Start","item":"https:\/\/www.pasodoble.de\/leicht\/"},{"@type":"ListItem","position":2,"name":"Unsere Leistungen","item":"https:\/\/www.pasodoble.de\/leicht\/leistungen\/"},{"@type":"ListItem","position":3,"name":"Geb\u00e4ude-Reinigung"}]},{"@type":"WebSite","@id":"https:\/\/www.pasodoble.de\/#website","url":"https:\/\/www.pasodoble.de\/","name":"paso doble","description":"Inklusionsunternehmen","potentialAction":[{"@type":"SearchAction","target":{"@type":"EntryPoint","urlTemplate":"https:\/\/www.pasodoble.de\/?s={search_term_string}"},"query-input":{"@type":"PropertyValueSpecification","valueRequired":true,"valueName":"search_term_string"}}],"inLanguage":"de-LEICHT"}]}},"publishpress_future_action":{"enabled":false,"date":"2026-05-05 16:41:54","action":"change-status","newStatus":"draft","terms":[],"taxonomy":"translation_priority","extraData":[]},"publishpress_future_workflow_manual_trigger":{"enabledWorkflows":[]},"_links":{"self":[{"href":"https:\/\/www.pasodoble.de\/leicht\/wp-json\/wp\/v2\/pages\/72574","targetHints":{"allow":["GET"]}}],"collection":[{"href":"https:\/\/www.pasodoble.de\/leicht\/wp-json\/wp\/v2\/pages"}],"about":[{"href":"https:\/\/www.pasodoble.de\/leicht\/wp-json\/wp\/v2\/types\/page"}],"author":[{"embeddable":true,"href":"https:\/\/www.pasodoble.de\/leicht\/wp-json\/wp\/v2\/users\/2"}],"replies":[{"embeddable":true,"href":"https:\/\/www.pasodoble.de\/leicht\/wp-json\/wp\/v2\/comments?post=72574"}],"version-history":[{"count":15,"href":"https:\/\/www.pasodoble.de\/leicht\/wp-json\/wp\/v2\/pages\/72574\/revisions"}],"predecessor-version":[{"id":73493,"href":"https:\/\/www.pasodoble.de\/leicht\/wp-json\/wp\/v2\/pages\/72574\/revisions\/73493"}],"up":[{"embeddable":true,"href":"https:\/\/www.pasodoble.de\/leicht\/wp-json\/wp\/v2\/pages\/72141"}],"wp:featuredmedia":[{"embeddable":true,"href":"https:\/\/www.pasodoble.de\/leicht\/wp-json\/wp\/v2\/media\/72841"}],"wp:attachment":[{"href":"https:\/\/www.pasodoble.de\/leicht\/wp-json\/wp\/v2\/media?parent=72574"}],"curies":[{"name":"wp","href":"https:\/\/api.w.org\/{rel}","templated":true}]}}