{"id":72470,"date":"2016-05-25T09:29:39","date_gmt":"2016-05-25T07:29:39","guid":{"rendered":"http:\/\/pasodoble.dev.moewe.io\/leicht\/jobs\/portrait_annett\/"},"modified":"2017-06-22T09:06:23","modified_gmt":"2017-06-22T07:06:23","slug":"portrait_annett","status":"publish","type":"page","link":"https:\/\/www.pasodoble.de\/leicht\/jobs\/portrait_annett\/","title":{"rendered":"Portr\u00e4t Annett"},"content":{"rendered":"<div id=\"pasodoble-readspeaker-72470\"><div class=\"wpb-content-wrapper\"><p>[vc_row type=&#8221;container&#8221; padding_top=&#8221;&#8221; padding_bottom=&#8221;&#8221; css=&#8221;.vc_custom_1444503683289{margin-bottom: 0px !important;}&#8221;][vc_column]<div id=\"readspeaker_button1\" class=\"rs_skip rsbtn rs_preserve\"><a rel=\"nofollow\" class=\"rsbtn_play\" accesskey=\"L\" title=\"Um den Text anzuh\u00f6ren, verwenden Sie bitte ReadSpeaker\" href=\"https:\/\/app-eu.readspeaker.com\/cgi-bin\/rsent?customerid=8650&amp;lang=de_de&amp;readid=pasodoble-readspeaker-72470&amp;url=https%3A%2F%2Fwww.pasodoble.de%2Fleicht%2Fjobs%2Fportrait_annett%2F\">  <span class=\"rsbtn_left rsimg rspart\"><span class=\"rsbtn_text\"><span>Vorlesen<\/span><\/span><\/span>  <span class=\"rsbtn_right rsimg rsplay rspart\"><\/span><\/a><\/div>[\/vc_column][\/vc_row][vc_row type=&#8221;container&#8221; padding_top=&#8221;&#8221; padding_bottom=&#8221;&#8221;][vc_column][vc_single_image image=&#8221;71833&#8243; img_size=&#8221;full&#8221;][vc_column_text]Annett ist 26 Jahre alt.<br \/>\nSie hat braune kurze Haare.<br \/>\nAnnett lacht sehr gerne.<\/p>\n<p>Und: Annett hat Lern-Schwierigkeiten.<br \/>\nFr\u00fcher haben Annett ihre Lern-Schwierigkeiten Kummer bereitet.<br \/>\nManche Menschen haben Annett bel\u00e4chelt.<br \/>\nDiese Menschen haben Annett nicht ernst genommen.<\/p>\n<p>Doch das hat jetzt zum Gl\u00fcck ein Ende.<br \/>\nAnnett arbeitet im Inklusions-Unternehmen paso doble.<br \/>\nAnnett arbeitet als Haus-Wirtschafterin im Kranken-Haus.<br \/>\nEs ist das Epilepsie-Zentrum Kleinwachau.[\/vc_column_text][vc_row_inner][vc_column_inner][vc_single_image image=&#8221;71839&#8243; img_size=&#8221;full&#8221;][\/vc_column_inner][\/vc_row_inner][vc_column_text]Annett arbeitet auf der Station 2.<br \/>\nDort sind viele Patienten mit Epilepsie.<\/p>\n<p>Epilepsie ist eine Krankheit.<br \/>\nMenschen mit Epilepsie bekommen oft Krampf-Anf\u00e4lle.<\/p>\n<p>Annett ist vor allem f\u00fcr die Verpflegung von den Patienten zust\u00e4ndig.<br \/>\nAnnett hat dabei viele verschiedene Aufgaben.<\/p>\n<p>Zum Beispiel:<\/p>\n<ul>\n<li>Annett deckt die Tische.<\/li>\n<li>Annett stellt Kuchen auf die Tische.<\/li>\n<li>Annett sorgt f\u00fcr Tee und Kaffee.<\/li>\n<li>Nach dem Essen sammelt Annett das Geschirr wieder ein.<\/li>\n<li>Das Geschirr kommt dann in die Sp\u00fcl-Maschine.<\/li>\n<li>Annett reinigt dann noch die K\u00fcche und die Thermos-Kannen.<\/li>\n<\/ul>\n<p>[\/vc_column_text][vc_single_image image=&#8221;71835&#8243; img_size=&#8221;full&#8221;][vc_column_text]Was aber am wichtigsten ist:<br \/>\nAnnett hat eine sehr herzliche Art.<br \/>\nDamit schafft Annett bei Kollegen und Patienten gute Laune.<\/p>\n<p>Annett k\u00fcmmert sich auch um die Sauberkeit im Kranken-Haus:<\/p>\n<ul>\n<li>Annett r\u00e4umt zum Beispiel die Zimmer auf.<\/li>\n<li>Annett wischt die Roll-St\u00fchle ab.<\/li>\n<li>Annett achtet auf Kopf-Kissen und Decken.<\/li>\n<\/ul>\n<p>Annett hat sogar den Schl\u00fcssel f\u00fcr den Lager-Raum.<br \/>\nIm Lager-Raum hat Annett einen speziellen Schatz:<br \/>\nein altes Koffer-Radio.<br \/>\nDieses Koffer-Radio hat Annett immer bereit.<br \/>\nWeil manche Patienten brauchen eine ganz besondere Medizin:<br \/>\nMusik.<br \/>\nDenn Annett ist sich sicher:<br \/>\nMusik macht Spa\u00df und sorgt f\u00fcr gute Laune.<\/p>\n<p>Annett kann und wei\u00df sehr viel.<br \/>\nDoch manche Dinge sind f\u00fcr Annett schwer zu verstehen.<br \/>\nZum Beispiel das Rechnen.<\/p>\n<p>Aber im paso doble sind andere Dinge wichtiger als Rechnen.<\/p>\n<p>Annett sagt:<br \/>\n\u201eDie Kollegen sind respektvoll und helfen mir.\u201c<br \/>\nAnnett sagt weiter:<br \/>\n\u201eEs macht mir wirklich Spa\u00df.\u201c<\/p>\n<p>Und darauf kommt es ja schlie\u00dflich an.[\/vc_column_text][vc_single_image image=&#8221;71836&#8243; img_size=&#8221;full&#8221;][\/vc_column][\/vc_row][vc_row type=&#8221;container&#8221;][vc_column][vc_btn title=&#8221;zur\u00fcck&#8221; style=&#8221;outline-custom&#8221; outline_custom_color=&#8221;#cc0000&#8243; outline_custom_hover_background=&#8221;#cc0000&#8243; outline_custom_hover_text=&#8221;#ffffff&#8221; shape=&#8221;square&#8221; link=&#8221;url:http%3A%2F%2Fwww.pasodoble.de%2Fleicht%2Fjobs%2F%23annett|title:zur%C3%BCck%20zur%20%C3%9Cbersicht||&#8221;][\/vc_column][\/vc_row][vc_row type=&#8221;container&#8221;][vc_column][vc_column_text]Auf dieser Internet-Seite nennen wir nur Vornamen.<br \/>\nWir wollen nicht den gesamten Namen ver\u00f6ffentlichen.<br \/>\nIm Alltag sprechen wir unsere Mitarbeiter aber mit \u201eSie\u201c an.[\/vc_column_text][\/vc_column][\/vc_row]<\/p>\n<\/div><\/div>","protected":false},"excerpt":{"rendered":"<p>[vc_row type=&#8221;container&#8221; padding_top=&#8221;&#8221; padding_bottom=&#8221;&#8221; css=&#8221;.vc_custom_1444503683289{margin-bottom: 0px !important;}&#8221;][vc_column][\/vc_column][\/vc_row][vc_row type=&#8221;container&#8221; padding_top=&#8221;&#8221; padding_bottom=&#8221;&#8221;][vc_column][vc_single_image image=&#8221;71833&#8243; img_size=&#8221;full&#8221;][vc_column_text]Annett ist 26 Jahre alt. Sie hat braune kurze Haare. Annett lacht sehr gerne. Und: Annett hat Lern-Schwierigkeiten. Fr\u00fcher haben Annett ihre Lern-Schwierigkeiten Kummer bereitet. Manche Menschen haben Annett bel\u00e4chelt. Diese Menschen haben Annett nicht ernst genommen. Doch das hat jetzt zum Gl\u00fcck ein [&hellip;]<\/p>\n","protected":false},"author":2,"featured_media":72852,"parent":72037,"menu_order":20,"comment_status":"closed","ping_status":"closed","template":"","meta":{"_acf_changed":false,"footnotes":""},"class_list":["post-72470","page","type-page","status-publish","has-post-thumbnail","hentry"],"acf":[],"yoast_head":"<!-- This site is optimized with the Yoast SEO plugin v27.4 - https:\/\/yoast.com\/product\/yoast-seo-wordpress\/ -->\n<title>paso doble | Portr\u00e4t Annett<\/title>\n<meta name=\"description\" content=\"Lernen Sie hier Annett kennen.\" \/>\n<meta name=\"robots\" content=\"index, follow, max-snippet:-1, max-image-preview:large, max-video-preview:-1\" \/>\n<link rel=\"canonical\" href=\"https:\/\/www.pasodoble.de\/leicht\/jobs\/portrait_annett\/\" \/>\n<meta property=\"og:locale\" content=\"de_DE\" \/>\n<meta property=\"og:type\" content=\"article\" \/>\n<meta property=\"og:title\" content=\"paso doble | Portr\u00e4t Annett\" \/>\n<meta property=\"og:description\" content=\"Lernen Sie hier Annett kennen.\" \/>\n<meta property=\"og:url\" content=\"https:\/\/www.pasodoble.de\/leicht\/jobs\/portrait_annett\/\" \/>\n<meta property=\"og:site_name\" content=\"paso doble\" \/>\n<meta property=\"article:modified_time\" content=\"2017-06-22T07:06:23+00:00\" \/>\n<meta property=\"og:image\" content=\"https:\/\/www.pasodoble.de\/wp-content\/uploads\/Kopfzeile_Portrait-Annett_Leichte-Sprache_1200x500.png\" \/>\n\t<meta property=\"og:image:width\" content=\"1200\" \/>\n\t<meta property=\"og:image:height\" content=\"500\" \/>\n\t<meta property=\"og:image:type\" content=\"image\/png\" \/>\n<meta name=\"twitter:card\" content=\"summary_large_image\" \/>\n<meta name=\"twitter:label1\" content=\"Est. reading time\" \/>\n\t<meta name=\"twitter:data1\" content=\"2 minutes\" \/>\n<script type=\"application\/ld+json\" class=\"yoast-schema-graph\">{\"@context\":\"https:\\\/\\\/schema.org\",\"@graph\":[{\"@type\":\"WebPage\",\"@id\":\"https:\\\/\\\/www.pasodoble.de\\\/leicht\\\/jobs\\\/portrait_annett\\\/\",\"url\":\"https:\\\/\\\/www.pasodoble.de\\\/leicht\\\/jobs\\\/portrait_annett\\\/\",\"name\":\"paso doble | Portr\u00e4t Annett\",\"isPartOf\":{\"@id\":\"https:\\\/\\\/www.pasodoble.de\\\/#website\"},\"primaryImageOfPage\":{\"@id\":\"https:\\\/\\\/www.pasodoble.de\\\/leicht\\\/jobs\\\/portrait_annett\\\/#primaryimage\"},\"image\":{\"@id\":\"https:\\\/\\\/www.pasodoble.de\\\/leicht\\\/jobs\\\/portrait_annett\\\/#primaryimage\"},\"thumbnailUrl\":\"https:\\\/\\\/www.pasodoble.de\\\/wp-content\\\/uploads\\\/Kopfzeile_Portrait-Annett_Leichte-Sprache_1200x500.png\",\"datePublished\":\"2016-05-25T07:29:39+00:00\",\"dateModified\":\"2017-06-22T07:06:23+00:00\",\"description\":\"Lernen Sie hier Annett kennen.\",\"breadcrumb\":{\"@id\":\"https:\\\/\\\/www.pasodoble.de\\\/leicht\\\/jobs\\\/portrait_annett\\\/#breadcrumb\"},\"inLanguage\":\"de-LEICHT\",\"potentialAction\":[{\"@type\":\"ReadAction\",\"target\":[\"https:\\\/\\\/www.pasodoble.de\\\/leicht\\\/jobs\\\/portrait_annett\\\/\"]}]},{\"@type\":\"ImageObject\",\"inLanguage\":\"de-LEICHT\",\"@id\":\"https:\\\/\\\/www.pasodoble.de\\\/leicht\\\/jobs\\\/portrait_annett\\\/#primaryimage\",\"url\":\"https:\\\/\\\/www.pasodoble.de\\\/wp-content\\\/uploads\\\/Kopfzeile_Portrait-Annett_Leichte-Sprache_1200x500.png\",\"contentUrl\":\"https:\\\/\\\/www.pasodoble.de\\\/wp-content\\\/uploads\\\/Kopfzeile_Portrait-Annett_Leichte-Sprache_1200x500.png\",\"width\":1200,\"height\":500,\"caption\":\"Zeichen f\u00fcr Leichte Sprache, dahinter Foto: Junge Frau in gelbem Arbeitskittel\"},{\"@type\":\"BreadcrumbList\",\"@id\":\"https:\\\/\\\/www.pasodoble.de\\\/leicht\\\/jobs\\\/portrait_annett\\\/#breadcrumb\",\"itemListElement\":[{\"@type\":\"ListItem\",\"position\":1,\"name\":\"Start\",\"item\":\"https:\\\/\\\/www.pasodoble.de\\\/leicht\\\/\"},{\"@type\":\"ListItem\",\"position\":2,\"name\":\"Jobs\",\"item\":\"https:\\\/\\\/www.pasodoble.de\\\/leicht\\\/jobs\\\/\"},{\"@type\":\"ListItem\",\"position\":3,\"name\":\"Portr\u00e4t Annett\"}]},{\"@type\":\"WebSite\",\"@id\":\"https:\\\/\\\/www.pasodoble.de\\\/#website\",\"url\":\"https:\\\/\\\/www.pasodoble.de\\\/\",\"name\":\"paso doble\",\"description\":\"Inklusionsunternehmen\",\"potentialAction\":[{\"@type\":\"SearchAction\",\"target\":{\"@type\":\"EntryPoint\",\"urlTemplate\":\"https:\\\/\\\/www.pasodoble.de\\\/?s={search_term_string}\"},\"query-input\":{\"@type\":\"PropertyValueSpecification\",\"valueRequired\":true,\"valueName\":\"search_term_string\"}}],\"inLanguage\":\"de-LEICHT\"}]}<\/script>\n<!-- \/ Yoast SEO plugin. -->","yoast_head_json":{"title":"paso doble | Portr\u00e4t Annett","description":"Lernen Sie hier Annett kennen.","robots":{"index":"index","follow":"follow","max-snippet":"max-snippet:-1","max-image-preview":"max-image-preview:large","max-video-preview":"max-video-preview:-1"},"canonical":"https:\/\/www.pasodoble.de\/leicht\/jobs\/portrait_annett\/","og_locale":"de_DE","og_type":"article","og_title":"paso doble | Portr\u00e4t Annett","og_description":"Lernen Sie hier Annett kennen.","og_url":"https:\/\/www.pasodoble.de\/leicht\/jobs\/portrait_annett\/","og_site_name":"paso doble","article_modified_time":"2017-06-22T07:06:23+00:00","og_image":[{"width":1200,"height":500,"url":"https:\/\/www.pasodoble.de\/wp-content\/uploads\/Kopfzeile_Portrait-Annett_Leichte-Sprache_1200x500.png","type":"image\/png"}],"twitter_card":"summary_large_image","twitter_misc":{"Est. reading time":"2 minutes"},"schema":{"@context":"https:\/\/schema.org","@graph":[{"@type":"WebPage","@id":"https:\/\/www.pasodoble.de\/leicht\/jobs\/portrait_annett\/","url":"https:\/\/www.pasodoble.de\/leicht\/jobs\/portrait_annett\/","name":"paso doble | Portr\u00e4t Annett","isPartOf":{"@id":"https:\/\/www.pasodoble.de\/#website"},"primaryImageOfPage":{"@id":"https:\/\/www.pasodoble.de\/leicht\/jobs\/portrait_annett\/#primaryimage"},"image":{"@id":"https:\/\/www.pasodoble.de\/leicht\/jobs\/portrait_annett\/#primaryimage"},"thumbnailUrl":"https:\/\/www.pasodoble.de\/wp-content\/uploads\/Kopfzeile_Portrait-Annett_Leichte-Sprache_1200x500.png","datePublished":"2016-05-25T07:29:39+00:00","dateModified":"2017-06-22T07:06:23+00:00","description":"Lernen Sie hier Annett kennen.","breadcrumb":{"@id":"https:\/\/www.pasodoble.de\/leicht\/jobs\/portrait_annett\/#breadcrumb"},"inLanguage":"de-LEICHT","potentialAction":[{"@type":"ReadAction","target":["https:\/\/www.pasodoble.de\/leicht\/jobs\/portrait_annett\/"]}]},{"@type":"ImageObject","inLanguage":"de-LEICHT","@id":"https:\/\/www.pasodoble.de\/leicht\/jobs\/portrait_annett\/#primaryimage","url":"https:\/\/www.pasodoble.de\/wp-content\/uploads\/Kopfzeile_Portrait-Annett_Leichte-Sprache_1200x500.png","contentUrl":"https:\/\/www.pasodoble.de\/wp-content\/uploads\/Kopfzeile_Portrait-Annett_Leichte-Sprache_1200x500.png","width":1200,"height":500,"caption":"Zeichen f\u00fcr Leichte Sprache, dahinter Foto: Junge Frau in gelbem Arbeitskittel"},{"@type":"BreadcrumbList","@id":"https:\/\/www.pasodoble.de\/leicht\/jobs\/portrait_annett\/#breadcrumb","itemListElement":[{"@type":"ListItem","position":1,"name":"Start","item":"https:\/\/www.pasodoble.de\/leicht\/"},{"@type":"ListItem","position":2,"name":"Jobs","item":"https:\/\/www.pasodoble.de\/leicht\/jobs\/"},{"@type":"ListItem","position":3,"name":"Portr\u00e4t Annett"}]},{"@type":"WebSite","@id":"https:\/\/www.pasodoble.de\/#website","url":"https:\/\/www.pasodoble.de\/","name":"paso doble","description":"Inklusionsunternehmen","potentialAction":[{"@type":"SearchAction","target":{"@type":"EntryPoint","urlTemplate":"https:\/\/www.pasodoble.de\/?s={search_term_string}"},"query-input":{"@type":"PropertyValueSpecification","valueRequired":true,"valueName":"search_term_string"}}],"inLanguage":"de-LEICHT"}]}},"publishpress_future_action":{"enabled":false,"date":"2026-05-10 06:55:36","action":"change-status","newStatus":"draft","terms":[],"taxonomy":"translation_priority","extraData":[]},"publishpress_future_workflow_manual_trigger":{"enabledWorkflows":[]},"_links":{"self":[{"href":"https:\/\/www.pasodoble.de\/leicht\/wp-json\/wp\/v2\/pages\/72470","targetHints":{"allow":["GET"]}}],"collection":[{"href":"https:\/\/www.pasodoble.de\/leicht\/wp-json\/wp\/v2\/pages"}],"about":[{"href":"https:\/\/www.pasodoble.de\/leicht\/wp-json\/wp\/v2\/types\/page"}],"author":[{"embeddable":true,"href":"https:\/\/www.pasodoble.de\/leicht\/wp-json\/wp\/v2\/users\/2"}],"replies":[{"embeddable":true,"href":"https:\/\/www.pasodoble.de\/leicht\/wp-json\/wp\/v2\/comments?post=72470"}],"version-history":[{"count":11,"href":"https:\/\/www.pasodoble.de\/leicht\/wp-json\/wp\/v2\/pages\/72470\/revisions"}],"predecessor-version":[{"id":73201,"href":"https:\/\/www.pasodoble.de\/leicht\/wp-json\/wp\/v2\/pages\/72470\/revisions\/73201"}],"up":[{"embeddable":true,"href":"https:\/\/www.pasodoble.de\/leicht\/wp-json\/wp\/v2\/pages\/72037"}],"wp:featuredmedia":[{"embeddable":true,"href":"https:\/\/www.pasodoble.de\/leicht\/wp-json\/wp\/v2\/media\/72852"}],"wp:attachment":[{"href":"https:\/\/www.pasodoble.de\/leicht\/wp-json\/wp\/v2\/media?parent=72470"}],"curies":[{"name":"wp","href":"https:\/\/api.w.org\/{rel}","templated":true}]}}