{"id":72053,"date":"2015-11-25T12:11:24","date_gmt":"2015-11-25T12:11:24","guid":{"rendered":"http:\/\/kunden.moewe.io\/pasodoble\/?page_id=72053&#038;lang=einfach"},"modified":"2025-11-14T14:51:53","modified_gmt":"2025-11-14T13:51:53","slug":"angebot","status":"publish","type":"page","link":"https:\/\/www.pasodoble.de\/leicht\/angebot\/","title":{"rendered":"Angebot"},"content":{"rendered":"<div id=\"pasodoble-readspeaker-72053\"><div class=\"wpb-content-wrapper\"><p>[vc_row type=&#8221;container&#8221;][vc_column]<div id=\"readspeaker_button1\" class=\"rs_skip rsbtn rs_preserve\"><a rel=\"nofollow\" class=\"rsbtn_play\" accesskey=\"L\" title=\"Um den Text anzuh\u00f6ren, verwenden Sie bitte ReadSpeaker\" href=\"https:\/\/app-eu.readspeaker.com\/cgi-bin\/rsent?customerid=8650&amp;lang=de_de&amp;readid=pasodoble-readspeaker-72053&amp;url=https%3A%2F%2Fwww.pasodoble.de%2Fleicht%2Fangebot%2F\">  <span class=\"rsbtn_left rsimg rspart\"><span class=\"rsbtn_text\"><span>Vorlesen<\/span><\/span><\/span>  <span class=\"rsbtn_right rsimg rsplay rspart\"><\/span><\/a><\/div>[\/vc_column][\/vc_row][vc_row type=&#8221;container&#8221; padding_top=&#8221;&#8221; padding_bottom=&#8221;&#8221;][vc_column width=&#8221;2\/3&#8243;][vc_column_text css=&#8221;&#8221;]<\/p>\n<h2><strong>Sie wollen ein Angebot?<\/strong><\/h2>\n<p>Sie brauchen Unterst\u00fctzung?<br \/>\nWir sch\u00e4tzen gern die Kosten daf\u00fcr.<\/p>\n<p>Bitte schreiben Sie uns eine E-Mail: hallo@pasodoble.de<\/p>\n<p>Oder rufen Sie uns an: (03528) 431 &#8211; 22 22[\/vc_column_text][vc_column_text]Es gelten unsere <a href=\"https:\/\/www.pasodoble.de\/leicht\/agb\/\">Allgemeinen Gesch\u00e4ftsbedingungen<\/a>.[\/vc_column_text][\/vc_column][\/vc_row][vc_row type=&#8221;container&#8221; padding_top=&#8221;&#8221; padding_bottom=&#8221;&#8221; css=&#8221;.vc_custom_1490359555583{padding-left: 0px !important;}&#8221;][vc_column el_class=&#8221;.pl-40&#8243; css=&#8221;.vc_custom_1490359586310{padding-left: 0px !important;}&#8221;][vc_column_text]<\/p>\n<h2><strong>Sie erhalten von uns:<\/strong><\/h2>\n<p>[\/vc_column_text][vc_separator color=&#8221;#e2e2e2&#8243; type=&#8221;normal&#8221; thickness=&#8221;1&#8243; up=&#8221;&#8221; down=&#8221;18&#8243;][vc_row_inner][vc_column_inner width=&#8221;1\/6&#8243;][vc_icon icon_fontawesome=&#8221;fa fa-phone&#8221; color=&#8221;custom&#8221; custom_color=&#8221;#343e47&#8243;][\/vc_column_inner][vc_column_inner width=&#8221;5\/6&#8243;][vc_column_text css=&#8221;.vc_custom_1470217983581{margin-bottom: 20px !important;}&#8221;]Einen Anruf.[\/vc_column_text][\/vc_column_inner][\/vc_row_inner][vc_separator color=&#8221;#e2e2e2&#8243; type=&#8221;normal&#8221; thickness=&#8221;1&#8243; up=&#8221;&#8221; down=&#8221;18&#8243;][vc_row_inner][vc_column_inner width=&#8221;1\/6&#8243;][vc_icon icon_fontawesome=&#8221;fa fa-calculator&#8221; color=&#8221;custom&#8221; custom_color=&#8221;#343e47&#8243;][\/vc_column_inner][vc_column_inner width=&#8221;5\/6&#8243;][vc_column_text css=&#8221;.vc_custom_1471351056264{margin-bottom: 20px !important;}&#8221;]Ein Angebot \/ eine Sch\u00e4tzung der Kosten.[\/vc_column_text][\/vc_column_inner][\/vc_row_inner][vc_separator color=&#8221;#e2e2e2&#8243; type=&#8221;normal&#8221; thickness=&#8221;1&#8243; up=&#8221;&#8221; down=&#8221;18&#8243;][vc_row_inner][vc_column_inner width=&#8221;1\/6&#8243;][vc_icon icon_fontawesome=&#8221;fa fa-user&#8221; color=&#8221;custom&#8221; custom_color=&#8221;#343e47&#8243;][\/vc_column_inner][vc_column_inner width=&#8221;5\/6&#8243;][vc_column_text css=&#8221;.vc_custom_1470218259428{margin-bottom: 20px !important;}&#8221;]Pers\u00f6nliche Beratung.[\/vc_column_text][\/vc_column_inner][\/vc_row_inner][\/vc_column][\/vc_row]<\/p>\n<\/div><\/div>","protected":false},"excerpt":{"rendered":"<p>[vc_row type=&#8221;container&#8221;][vc_column][\/vc_column][\/vc_row][vc_row type=&#8221;container&#8221; padding_top=&#8221;&#8221; padding_bottom=&#8221;&#8221;][vc_column width=&#8221;2\/3&#8243;][vc_column_text css=&#8221;&#8221;] Sie wollen ein Angebot? Sie brauchen Unterst\u00fctzung? Wir sch\u00e4tzen gern die Kosten daf\u00fcr. Bitte schreiben Sie uns eine E-Mail: hallo@pasodoble.de Oder rufen Sie uns an: (03528) 431 &#8211; 22 22[\/vc_column_text][vc_column_text]Es gelten unsere Allgemeinen Gesch\u00e4ftsbedingungen.[\/vc_column_text][\/vc_column][\/vc_row][vc_row type=&#8221;container&#8221; padding_top=&#8221;&#8221; padding_bottom=&#8221;&#8221; css=&#8221;.vc_custom_1490359555583{padding-left: 0px !important;}&#8221;][vc_column el_class=&#8221;.pl-40&#8243; css=&#8221;.vc_custom_1490359586310{padding-left: 0px !important;}&#8221;][vc_column_text] Sie erhalten von uns: [&hellip;]<\/p>\n","protected":false},"author":1,"featured_media":72854,"parent":0,"menu_order":0,"comment_status":"closed","ping_status":"closed","template":"page-full-width.php","meta":{"_acf_changed":false,"footnotes":""},"class_list":["post-72053","page","type-page","status-publish","has-post-thumbnail","hentry"],"acf":[],"yoast_head":"<!-- This site is optimized with the Yoast SEO plugin v27.4 - https:\/\/yoast.com\/product\/yoast-seo-wordpress\/ -->\n<title>Angebot - paso doble %<\/title>\n<meta name=\"robots\" content=\"index, follow, max-snippet:-1, max-image-preview:large, max-video-preview:-1\" \/>\n<link rel=\"canonical\" href=\"https:\/\/www.pasodoble.de\/leicht\/angebot\/\" \/>\n<meta property=\"og:locale\" content=\"de_DE\" \/>\n<meta property=\"og:type\" content=\"article\" \/>\n<meta property=\"og:title\" content=\"Angebot - paso doble %\" \/>\n<meta property=\"og:description\" content=\"[vc_row type=&#8221;container&#8221;][vc_column][\/vc_column][\/vc_row][vc_row type=&#8221;container&#8221; padding_top=&#8221;&#8221; padding_bottom=&#8221;&#8221;][vc_column width=&#8221;2\/3&#8243;][vc_column_text css=&#8221;&#8221;] Sie wollen ein Angebot? Sie brauchen Unterst\u00fctzung? Wir sch\u00e4tzen gern die Kosten daf\u00fcr. Bitte schreiben Sie uns eine E-Mail: hallo@pasodoble.de Oder rufen Sie uns an: (03528) 431 &#8211; 22 22[\/vc_column_text][vc_column_text]Es gelten unsere Allgemeinen Gesch\u00e4ftsbedingungen.[\/vc_column_text][\/vc_column][\/vc_row][vc_row type=&#8221;container&#8221; padding_top=&#8221;&#8221; padding_bottom=&#8221;&#8221; css=&#8221;.vc_custom_1490359555583{padding-left: 0px !important;}&#8221;][vc_column el_class=&#8221;.pl-40&#8243; css=&#8221;.vc_custom_1490359586310{padding-left: 0px !important;}&#8221;][vc_column_text] Sie erhalten von uns: [&hellip;]\" \/>\n<meta property=\"og:url\" content=\"https:\/\/www.pasodoble.de\/leicht\/angebot\/\" \/>\n<meta property=\"og:site_name\" content=\"paso doble\" \/>\n<meta property=\"article:modified_time\" content=\"2025-11-14T13:51:53+00:00\" \/>\n<meta property=\"og:image\" content=\"https:\/\/www.pasodoble.de\/wp-content\/uploads\/Kopfzeile_Angebot_Leichte_Sprache_1200x500.png\" \/>\n\t<meta property=\"og:image:width\" content=\"1200\" \/>\n\t<meta property=\"og:image:height\" content=\"500\" \/>\n\t<meta property=\"og:image:type\" content=\"image\/png\" \/>\n<meta name=\"twitter:card\" content=\"summary_large_image\" \/>\n<meta name=\"twitter:label1\" content=\"Est. reading time\" \/>\n\t<meta name=\"twitter:data1\" content=\"1 minute\" \/>\n<script type=\"application\/ld+json\" class=\"yoast-schema-graph\">{\"@context\":\"https:\\\/\\\/schema.org\",\"@graph\":[{\"@type\":\"WebPage\",\"@id\":\"https:\\\/\\\/www.pasodoble.de\\\/leicht\\\/angebot\\\/\",\"url\":\"https:\\\/\\\/www.pasodoble.de\\\/leicht\\\/angebot\\\/\",\"name\":\"Angebot - paso doble %\",\"isPartOf\":{\"@id\":\"https:\\\/\\\/www.pasodoble.de\\\/#website\"},\"primaryImageOfPage\":{\"@id\":\"https:\\\/\\\/www.pasodoble.de\\\/leicht\\\/angebot\\\/#primaryimage\"},\"image\":{\"@id\":\"https:\\\/\\\/www.pasodoble.de\\\/leicht\\\/angebot\\\/#primaryimage\"},\"thumbnailUrl\":\"https:\\\/\\\/www.pasodoble.de\\\/wp-content\\\/uploads\\\/Kopfzeile_Angebot_Leichte_Sprache_1200x500.png\",\"datePublished\":\"2015-11-25T12:11:24+00:00\",\"dateModified\":\"2025-11-14T13:51:53+00:00\",\"breadcrumb\":{\"@id\":\"https:\\\/\\\/www.pasodoble.de\\\/leicht\\\/angebot\\\/#breadcrumb\"},\"inLanguage\":\"de-LEICHT\",\"potentialAction\":[{\"@type\":\"ReadAction\",\"target\":[\"https:\\\/\\\/www.pasodoble.de\\\/leicht\\\/angebot\\\/\"]}]},{\"@type\":\"ImageObject\",\"inLanguage\":\"de-LEICHT\",\"@id\":\"https:\\\/\\\/www.pasodoble.de\\\/leicht\\\/angebot\\\/#primaryimage\",\"url\":\"https:\\\/\\\/www.pasodoble.de\\\/wp-content\\\/uploads\\\/Kopfzeile_Angebot_Leichte_Sprache_1200x500.png\",\"contentUrl\":\"https:\\\/\\\/www.pasodoble.de\\\/wp-content\\\/uploads\\\/Kopfzeile_Angebot_Leichte_Sprache_1200x500.png\",\"width\":1200,\"height\":500,\"caption\":\"Zeichen f\u00fcr Leichte Sprache, daneben roter Hintergrund, weisses Symbol Stift und beschriebenes Blatt\"},{\"@type\":\"BreadcrumbList\",\"@id\":\"https:\\\/\\\/www.pasodoble.de\\\/leicht\\\/angebot\\\/#breadcrumb\",\"itemListElement\":[{\"@type\":\"ListItem\",\"position\":1,\"name\":\"Start\",\"item\":\"https:\\\/\\\/www.pasodoble.de\\\/leicht\\\/\"},{\"@type\":\"ListItem\",\"position\":2,\"name\":\"Angebot\"}]},{\"@type\":\"WebSite\",\"@id\":\"https:\\\/\\\/www.pasodoble.de\\\/#website\",\"url\":\"https:\\\/\\\/www.pasodoble.de\\\/\",\"name\":\"paso doble\",\"description\":\"Inklusionsunternehmen\",\"potentialAction\":[{\"@type\":\"SearchAction\",\"target\":{\"@type\":\"EntryPoint\",\"urlTemplate\":\"https:\\\/\\\/www.pasodoble.de\\\/?s={search_term_string}\"},\"query-input\":{\"@type\":\"PropertyValueSpecification\",\"valueRequired\":true,\"valueName\":\"search_term_string\"}}],\"inLanguage\":\"de-LEICHT\"}]}<\/script>\n<!-- \/ Yoast SEO plugin. -->","yoast_head_json":{"title":"Angebot - paso doble %","robots":{"index":"index","follow":"follow","max-snippet":"max-snippet:-1","max-image-preview":"max-image-preview:large","max-video-preview":"max-video-preview:-1"},"canonical":"https:\/\/www.pasodoble.de\/leicht\/angebot\/","og_locale":"de_DE","og_type":"article","og_title":"Angebot - paso doble %","og_description":"[vc_row type=&#8221;container&#8221;][vc_column][\/vc_column][\/vc_row][vc_row type=&#8221;container&#8221; padding_top=&#8221;&#8221; padding_bottom=&#8221;&#8221;][vc_column width=&#8221;2\/3&#8243;][vc_column_text css=&#8221;&#8221;] Sie wollen ein Angebot? Sie brauchen Unterst\u00fctzung? Wir sch\u00e4tzen gern die Kosten daf\u00fcr. Bitte schreiben Sie uns eine E-Mail: hallo@pasodoble.de Oder rufen Sie uns an: (03528) 431 &#8211; 22 22[\/vc_column_text][vc_column_text]Es gelten unsere Allgemeinen Gesch\u00e4ftsbedingungen.[\/vc_column_text][\/vc_column][\/vc_row][vc_row type=&#8221;container&#8221; padding_top=&#8221;&#8221; padding_bottom=&#8221;&#8221; css=&#8221;.vc_custom_1490359555583{padding-left: 0px !important;}&#8221;][vc_column el_class=&#8221;.pl-40&#8243; css=&#8221;.vc_custom_1490359586310{padding-left: 0px !important;}&#8221;][vc_column_text] Sie erhalten von uns: [&hellip;]","og_url":"https:\/\/www.pasodoble.de\/leicht\/angebot\/","og_site_name":"paso doble","article_modified_time":"2025-11-14T13:51:53+00:00","og_image":[{"width":1200,"height":500,"url":"https:\/\/www.pasodoble.de\/wp-content\/uploads\/Kopfzeile_Angebot_Leichte_Sprache_1200x500.png","type":"image\/png"}],"twitter_card":"summary_large_image","twitter_misc":{"Est. reading time":"1 minute"},"schema":{"@context":"https:\/\/schema.org","@graph":[{"@type":"WebPage","@id":"https:\/\/www.pasodoble.de\/leicht\/angebot\/","url":"https:\/\/www.pasodoble.de\/leicht\/angebot\/","name":"Angebot - paso doble %","isPartOf":{"@id":"https:\/\/www.pasodoble.de\/#website"},"primaryImageOfPage":{"@id":"https:\/\/www.pasodoble.de\/leicht\/angebot\/#primaryimage"},"image":{"@id":"https:\/\/www.pasodoble.de\/leicht\/angebot\/#primaryimage"},"thumbnailUrl":"https:\/\/www.pasodoble.de\/wp-content\/uploads\/Kopfzeile_Angebot_Leichte_Sprache_1200x500.png","datePublished":"2015-11-25T12:11:24+00:00","dateModified":"2025-11-14T13:51:53+00:00","breadcrumb":{"@id":"https:\/\/www.pasodoble.de\/leicht\/angebot\/#breadcrumb"},"inLanguage":"de-LEICHT","potentialAction":[{"@type":"ReadAction","target":["https:\/\/www.pasodoble.de\/leicht\/angebot\/"]}]},{"@type":"ImageObject","inLanguage":"de-LEICHT","@id":"https:\/\/www.pasodoble.de\/leicht\/angebot\/#primaryimage","url":"https:\/\/www.pasodoble.de\/wp-content\/uploads\/Kopfzeile_Angebot_Leichte_Sprache_1200x500.png","contentUrl":"https:\/\/www.pasodoble.de\/wp-content\/uploads\/Kopfzeile_Angebot_Leichte_Sprache_1200x500.png","width":1200,"height":500,"caption":"Zeichen f\u00fcr Leichte Sprache, daneben roter Hintergrund, weisses Symbol Stift und beschriebenes Blatt"},{"@type":"BreadcrumbList","@id":"https:\/\/www.pasodoble.de\/leicht\/angebot\/#breadcrumb","itemListElement":[{"@type":"ListItem","position":1,"name":"Start","item":"https:\/\/www.pasodoble.de\/leicht\/"},{"@type":"ListItem","position":2,"name":"Angebot"}]},{"@type":"WebSite","@id":"https:\/\/www.pasodoble.de\/#website","url":"https:\/\/www.pasodoble.de\/","name":"paso doble","description":"Inklusionsunternehmen","potentialAction":[{"@type":"SearchAction","target":{"@type":"EntryPoint","urlTemplate":"https:\/\/www.pasodoble.de\/?s={search_term_string}"},"query-input":{"@type":"PropertyValueSpecification","valueRequired":true,"valueName":"search_term_string"}}],"inLanguage":"de-LEICHT"}]}},"publishpress_future_action":{"enabled":false,"date":"2026-05-05 16:56:18","action":"change-status","newStatus":"draft","terms":[],"taxonomy":"translation_priority","extraData":[]},"publishpress_future_workflow_manual_trigger":{"enabledWorkflows":[]},"_links":{"self":[{"href":"https:\/\/www.pasodoble.de\/leicht\/wp-json\/wp\/v2\/pages\/72053","targetHints":{"allow":["GET"]}}],"collection":[{"href":"https:\/\/www.pasodoble.de\/leicht\/wp-json\/wp\/v2\/pages"}],"about":[{"href":"https:\/\/www.pasodoble.de\/leicht\/wp-json\/wp\/v2\/types\/page"}],"author":[{"embeddable":true,"href":"https:\/\/www.pasodoble.de\/leicht\/wp-json\/wp\/v2\/users\/1"}],"replies":[{"embeddable":true,"href":"https:\/\/www.pasodoble.de\/leicht\/wp-json\/wp\/v2\/comments?post=72053"}],"version-history":[{"count":17,"href":"https:\/\/www.pasodoble.de\/leicht\/wp-json\/wp\/v2\/pages\/72053\/revisions"}],"predecessor-version":[{"id":75605,"href":"https:\/\/www.pasodoble.de\/leicht\/wp-json\/wp\/v2\/pages\/72053\/revisions\/75605"}],"wp:featuredmedia":[{"embeddable":true,"href":"https:\/\/www.pasodoble.de\/leicht\/wp-json\/wp\/v2\/media\/72854"}],"wp:attachment":[{"href":"https:\/\/www.pasodoble.de\/leicht\/wp-json\/wp\/v2\/media?parent=72053"}],"curies":[{"name":"wp","href":"https:\/\/api.w.org\/{rel}","templated":true}]}}