{"id":72033,"date":"2015-10-07T17:11:55","date_gmt":"2015-10-07T17:11:55","guid":{"rendered":"http:\/\/kunden.moewe.io\/pasodoble\/?page_id=72033&#038;lang=einfach"},"modified":"2023-03-24T16:16:05","modified_gmt":"2023-03-24T15:16:05","slug":"wir-kueber-uns","status":"publish","type":"page","link":"https:\/\/www.pasodoble.de\/leicht\/wir-kueber-uns\/","title":{"rendered":"\u00dcber uns"},"content":{"rendered":"<div id=\"pasodoble-readspeaker-72033\"><div class=\"wpb-content-wrapper\"><p>[vc_row type=&#8221;container&#8221; padding_top=&#8221;&#8221; padding_bottom=&#8221;&#8221;][vc_column]<div id=\"readspeaker_button1\" class=\"rs_skip rsbtn rs_preserve\"><a rel=\"nofollow\" class=\"rsbtn_play\" accesskey=\"L\" title=\"Um den Text anzuh\u00f6ren, verwenden Sie bitte ReadSpeaker\" href=\"https:\/\/app-eu.readspeaker.com\/cgi-bin\/rsent?customerid=8650&amp;lang=de_de&amp;readid=pasodoble-readspeaker-72033&amp;url=https%3A%2F%2Fwww.pasodoble.de%2Fleicht%2Fwir-kueber-uns%2F\">  <span class=\"rsbtn_left rsimg rspart\"><span class=\"rsbtn_text\"><span>Vorlesen<\/span><\/span><\/span>  <span class=\"rsbtn_right rsimg rsplay rspart\"><\/span><\/a><\/div>[\/vc_column][\/vc_row][vc_row type=&#8221;container&#8221; padding_top=&#8221;&#8221; padding_bottom=&#8221;&#8221;][vc_column css=&#8221;.vc_custom_1466067804607{margin-bottom: 15px !important;}&#8221;][vc_column_text css=&#8221;.vc_custom_1478602914122{padding-right: 10px !important;}&#8221;]<\/p>\n<h2><strong>Wir k\u00fcmmern uns um gute Arbeits-Pl\u00e4tze!<\/strong><\/h2>\n<p>Wir sind ein Inklusions-Unternehmen.<br \/>\nDas bedeutet:<br \/>\nMenschen mit und ohne Behinderungen<br \/>\narbeiten gemeinsam.<\/p>\n<p>Wir bieten Dienst-Leistungen an.<br \/>\nDabei arbeiten wir sehr sorgf\u00e4ltig.<br \/>\nWir h\u00f6ren genau auf die W\u00fcnsche unserer Kunden.<\/p>\n<p>Die H\u00e4lfte unserer Mitarbeiter<br \/>\nsind Menschen mit Behinderungen.<br \/>\nDiese Menschen k\u00f6nnen gute Arbeit leisten.<br \/>\nDas erleben wir jeden Tag.<\/p>\n<p>Wir wollen den Menschen Mut machen.<br \/>\nWir helfen ihnen,<br \/>\nden richtigen Arbeitsplatz zu finden.<br \/>\nBei uns erhalten sie eine gerechte Bezahlung.<br \/>\nSie erhalten auch technische Hilfs-Mittel.<br \/>\nDas sind Ger\u00e4te,<br \/>\ndie sie f\u00fcr ihre Arbeit brauchen.<br \/>\nSie k\u00f6nnen auch eine Weiter-Bildung machen.<br \/>\nDort lernen sie wichtige Dinge f\u00fcr die Arbeit.<\/p>\n<p>Kollegen mit und ohne Behinderungen<br \/>\nhelfen einander.<br \/>\nDie Chefs sind Fachleute mit viel Erfahrung.[\/vc_column_text][\/vc_column][\/vc_row][vc_row type=&#8221;container&#8221; padding_top=&#8221;&#8221; padding_bottom=&#8221;&#8221;][vc_column width=&#8221;2\/3&#8243; css=&#8221;.vc_custom_1466067795776{margin-bottom: 15px !important;}&#8221;][vc_column_text css=&#8221;.vc_custom_1679670902098{padding-top: 15px !important;padding-right: 15px !important;padding-bottom: 15px !important;padding-left: 15px !important;background-color: #eeeeee !important;}&#8221;]<\/p>\n<h2 class=\"vc_custom_heading\"><strong>Unsere Mitarbeiter<\/strong><\/h2>\n<div class=\"wpb_text_column wpb_content_element \">\n<div class=\"wpb_wrapper\">\n<p>Bei uns arbeiten Menschen mit und ohne Behinderung.<br \/>\nDie Behinderungen sind sehr unterschiedlich.<br \/>\nZum Beispiel sind das k\u00f6rperliche Behinderungen.<br \/>\nOder eine Lernschw\u00e4che.<br \/>\nManche Mitarbeiter haben auch eine langwierige Krankheit.<\/p>\n<p>Gemeinsam leisten sie eine sehr gute Arbeit.<br \/>\nUnsere Kunden k\u00f6nnen sich darauf verlassen.<\/p>\n<\/div>\n<\/div>\n<p>[\/vc_column_text][\/vc_column][vc_column width=&#8221;1\/3&#8243;][vc_single_image image=&#8221;71799&#8243; img_size=&#8221;full&#8221;][\/vc_column][\/vc_row][vc_row type=&#8221;container&#8221; padding_top=&#8221;&#8221; padding_bottom=&#8221;&#8221;][vc_column css=&#8221;.vc_custom_1466067812140{margin-bottom: 15px !important;}&#8221;][vc_column_text css=&#8221;.vc_custom_1471523545051{padding-right: 10px !important;}&#8221;]Wir haben auch starke Partner.<br \/>\nDas sind drei bekannte Einrichtungen:[\/vc_column_text][\/vc_column][\/vc_row][vc_row content_placement=&#8221;top&#8221; type=&#8221;container&#8221; padding_top=&#8221;&#8221; padding_bottom=&#8221;&#8221;][vc_column width=&#8221;1\/4&#8243; css=&#8221;.vc_custom_1466067838407{padding-top: 20px !important;}&#8221;][vc_single_image image=&#8221;74232&#8243; img_size=&#8221;full&#8221; onclick=&#8221;custom_link&#8221; img_link_target=&#8221;_blank&#8221; link=&#8221;http:\/\/www.kleinwachau.de&#8221;][\/vc_column][vc_column width=&#8221;3\/4&#8243; css=&#8221;.vc_custom_1466067823091{margin-bottom: 15px !important;}&#8221;][vc_column_text css=&#8221;.vc_custom_1679667277960{padding-right: 10px !important;}&#8221;]<\/p>\n<h3>Epilepsiezentrum Kleinwachau<\/h3>\n<p>Das sind Fach-Leute f\u00fcr Epilepsie und Behinderungen.<br \/>\nDas Epilepsiezentrum ist in Radeberg.<\/p>\n<p>Hier gibt es:<br \/>\nein Fach-Krankenhaus f\u00fcr Neurologie,<br \/>\neine Werkstatt f\u00fcr behinderte Menschen,<br \/>\nverschiedene Wohnangebote,<br \/>\neine F\u00f6rderschule und Kitas.<\/p>\n<p><a href=\"http:\/\/www.kleinwachau.de\/\" target=\"_blank\" rel=\"noopener noreferrer\">www.kleinwachau.de<\/a>[\/vc_column_text][\/vc_column][\/vc_row][vc_row content_placement=&#8221;top&#8221; type=&#8221;container&#8221; padding_top=&#8221;&#8221; padding_bottom=&#8221;&#8221;][vc_column width=&#8221;1\/4&#8243; css=&#8221;.vc_custom_1466067846001{padding-top: 20px !important;}&#8221;][vc_single_image image=&#8221;71874&#8243; img_size=&#8221;full&#8221; onclick=&#8221;custom_link&#8221; img_link_target=&#8221;_blank&#8221; link=&#8221;http:\/\/www.diakonie-dresden.de&#8221;][\/vc_column][vc_column width=&#8221;3\/4&#8243; css=&#8221;.vc_custom_1466067852480{margin-bottom: 15px !important;}&#8221;][vc_column_text css=&#8221;.vc_custom_1471350811115{padding-right: 10px !important;}&#8221;]<\/p>\n<h3>Diakonie &#8211; Stadtmission Dresden<\/h3>\n<p>Wir helfen Menschen in allen Lebenslagen.<br \/>\nWir st\u00e4rken, pflegen, tr\u00f6sten und beraten.<br \/>\nWir k\u00fcmmern uns um:<br \/>\nAlte Menschen,<br \/>\nKinder- und Jugendliche,<br \/>\nMenschen mit Behinderungen,<br \/>\nMenschen mit sozialen Problemen,<br \/>\nMenschen mit psychischen Erkrankungen.<\/p>\n<p><a href=\"http:\/\/www.diakonie-dresden.de\" target=\"_blank\" rel=\"noopener noreferrer\">www.diakonie-dresden.de<\/a>[\/vc_column_text][\/vc_column][\/vc_row][vc_row content_placement=&#8221;top&#8221; type=&#8221;container&#8221; padding_top=&#8221;&#8221; padding_bottom=&#8221;&#8221;][vc_column width=&#8221;1\/4&#8243; css=&#8221;.vc_custom_1466067869604{padding-top: 20px !important;}&#8221;][vc_single_image image=&#8221;74096&#8243; img_size=&#8221;full&#8221; onclick=&#8221;custom_link&#8221; img_link_target=&#8221;_blank&#8221; link=&#8221;http:\/\/www.volkssoli-dresden.de&#8221;][\/vc_column][vc_column width=&#8221;3\/4&#8243; css=&#8221;.vc_custom_1466067863651{margin-bottom: 15px !important;}&#8221;][vc_column_text css=&#8221;.vc_custom_1471350822292{padding-right: 10px !important;}&#8221;]<\/p>\n<h3>Volkssolidarit\u00e4t Dresden<\/h3>\n<p>Wir sind f\u00fcr Menschen da,<br \/>\ndie Hilfe brauchen.<br \/>\nZum Beispiel im Alter.<\/p>\n<p><a href=\"http:\/\/www.volkssoli-dresden.de\" target=\"_blank\" rel=\"noopener noreferrer\">www.volkssoli-dresden.de<\/a>[\/vc_column_text][\/vc_column][\/vc_row][vc_row type=&#8221;container&#8221; padding_top=&#8221;&#8221; padding_bottom=&#8221;&#8221;][vc_column css=&#8221;.vc_custom_1466067389471{margin-bottom: 10px !important;}&#8221;][vc_column_text]<\/p>\n<h2><strong>Sie wollen mehr Informationen?<\/strong><\/h2>\n<p>Zum Beispiel \u00fcber andere Inklusions-Firmen?<br \/>\nOder \u00fcber berufliche Weiter-Bildung?<\/p>\n<p>Klicken Sie einfach auf einen Link:[\/vc_column_text][\/vc_column][\/vc_row][vc_row type=&#8221;container&#8221; padding_top=&#8221;&#8221; padding_bottom=&#8221;&#8221;][vc_column css=&#8221;.vc_custom_1466067692870{margin-bottom: 15px !important;padding-top: 15px !important;padding-right: 15px !important;padding-left: 15px !important;background-color: #eeeeee !important;}&#8221;][vc_column_text]Bundes-Arbeits-Gemeinschaft Integrations-Firmen<\/p>\n<p><a href=\"http:\/\/www.bag-if.de\" target=\"_blank\" rel=\"noopener noreferrer\">www.bag-if.de<\/a>[\/vc_column_text][\/vc_column][\/vc_row][vc_row type=&#8221;container&#8221; padding_top=&#8221;&#8221; padding_bottom=&#8221;&#8221;][vc_column css=&#8221;.vc_custom_1466067722834{margin-bottom: 15px !important;padding-top: 15px !important;padding-right: 15px !important;padding-left: 15px !important;background-color: #eeeeee !important;}&#8221;][vc_column_text]Landes-Arbeits-Gemeinschaft Integrations-Firmen Sachsen<\/p>\n<p><a href=\"http:\/\/www.integrationsfirmen-sachsen.de\" target=\"_blank\" rel=\"noopener noreferrer\">www.integrationsfirmen-sachsen.de<\/a>[\/vc_column_text][\/vc_column][\/vc_row][vc_row type=&#8221;container&#8221; padding_top=&#8221;&#8221; padding_bottom=&#8221;&#8221;][vc_column css=&#8221;.vc_custom_1466067743761{margin-bottom: 15px !important;padding-top: 15px !important;padding-right: 15px !important;padding-left: 15px !important;background-color: #eeeeee !important;}&#8221;][vc_column_text css=&#8221;.vc_custom_1471514784874{padding-right: 10px !important;}&#8221;]Kommunaler Sozial-Verband Sachsen<\/p>\n<p><a href=\"http:\/\/www.ksv-sachsen.de\" target=\"_blank\" rel=\"noopener noreferrer\">www.ksv-sachsen.de<\/a>[\/vc_column_text][\/vc_column][\/vc_row][vc_row type=&#8221;container&#8221; padding_top=&#8221;&#8221; padding_bottom=&#8221;&#8221;][vc_column css=&#8221;.vc_custom_1466067737586{margin-bottom: 15px !important;padding-top: 15px !important;padding-right: 15px !important;padding-left: 15px !important;background-color: #eeeeee !important;}&#8221;][vc_column_text css=&#8221;.vc_custom_1471514882148{padding-right: 10px !important;}&#8221;]REHADAT \u2013 Informations-System zur beruflichen Rehabilitation<\/p>\n<p><a href=\"http:\/\/www.rehadat.info\" target=\"_blank\" rel=\"noopener noreferrer\">www.rehadat.info<\/a>[\/vc_column_text][\/vc_column][\/vc_row]<\/p>\n<\/div><\/div>","protected":false},"excerpt":{"rendered":"<p>[vc_row type=&#8221;container&#8221; padding_top=&#8221;&#8221; padding_bottom=&#8221;&#8221;][vc_column][\/vc_column][\/vc_row][vc_row type=&#8221;container&#8221; padding_top=&#8221;&#8221; padding_bottom=&#8221;&#8221;][vc_column css=&#8221;.vc_custom_1466067804607{margin-bottom: 15px !important;}&#8221;][vc_column_text css=&#8221;.vc_custom_1478602914122{padding-right: 10px !important;}&#8221;] Wir k\u00fcmmern uns um gute Arbeits-Pl\u00e4tze! Wir sind ein Inklusions-Unternehmen. Das bedeutet: Menschen mit und ohne Behinderungen arbeiten gemeinsam. Wir bieten Dienst-Leistungen an. Dabei arbeiten wir sehr sorgf\u00e4ltig. Wir h\u00f6ren genau auf die W\u00fcnsche unserer Kunden. Die H\u00e4lfte unserer Mitarbeiter sind Menschen [&hellip;]<\/p>\n","protected":false},"author":1,"featured_media":72857,"parent":0,"menu_order":0,"comment_status":"closed","ping_status":"closed","template":"page-full-width.php","meta":{"_acf_changed":false,"footnotes":""},"class_list":["post-72033","page","type-page","status-publish","has-post-thumbnail","hentry"],"acf":[],"yoast_head":"<!-- This site is optimized with the Yoast SEO plugin v27.4 - https:\/\/yoast.com\/product\/yoast-seo-wordpress\/ -->\n<title>Wir k\u00fcmmern uns um gute Arbeits-Pl\u00e4tze!<\/title>\n<meta name=\"description\" content=\"Wir sind ein Inklusions-Unternehmen. Das bedeutet: Menschen mit und ohne Behinderungen arbeiten gemeinsam.\" \/>\n<meta name=\"robots\" content=\"index, follow, max-snippet:-1, max-image-preview:large, max-video-preview:-1\" \/>\n<link rel=\"canonical\" href=\"https:\/\/www.pasodoble.de\/ueber-uns\/\" \/>\n<meta property=\"og:locale\" content=\"de_DE\" \/>\n<meta property=\"og:type\" content=\"article\" \/>\n<meta property=\"og:title\" content=\"Wir k\u00fcmmern uns um gute Arbeits-Pl\u00e4tze!\" \/>\n<meta property=\"og:description\" content=\"Wir sind ein Inklusions-Unternehmen. Das bedeutet: Menschen mit und ohne Behinderungen arbeiten gemeinsam.\" \/>\n<meta property=\"og:url\" content=\"https:\/\/www.pasodoble.de\/ueber-uns\/\" \/>\n<meta property=\"og:site_name\" content=\"paso doble\" \/>\n<meta property=\"article:modified_time\" content=\"2023-03-24T15:16:05+00:00\" \/>\n<meta property=\"og:image\" content=\"https:\/\/www.pasodoble.de\/wp-content\/uploads\/Kopfzeile_ueber-uns_Leichte-Sprache_1200x500.png\" \/>\n\t<meta property=\"og:image:width\" content=\"1200\" \/>\n\t<meta property=\"og:image:height\" content=\"500\" \/>\n\t<meta property=\"og:image:type\" content=\"image\/png\" \/>\n<meta name=\"twitter:card\" content=\"summary_large_image\" \/>\n<meta name=\"twitter:label1\" content=\"Est. reading time\" \/>\n\t<meta name=\"twitter:data1\" content=\"3 minutes\" \/>\n<script type=\"application\/ld+json\" class=\"yoast-schema-graph\">{\"@context\":\"https:\\\/\\\/schema.org\",\"@graph\":[{\"@type\":\"WebPage\",\"@id\":\"https:\\\/\\\/www.pasodoble.de\\\/ueber-uns\\\/\",\"url\":\"https:\\\/\\\/www.pasodoble.de\\\/ueber-uns\\\/\",\"name\":\"Wir k\u00fcmmern uns um gute Arbeits-Pl\u00e4tze!\",\"isPartOf\":{\"@id\":\"https:\\\/\\\/www.pasodoble.de\\\/#website\"},\"primaryImageOfPage\":{\"@id\":\"https:\\\/\\\/www.pasodoble.de\\\/ueber-uns\\\/#primaryimage\"},\"image\":{\"@id\":\"https:\\\/\\\/www.pasodoble.de\\\/ueber-uns\\\/#primaryimage\"},\"thumbnailUrl\":\"https:\\\/\\\/www.pasodoble.de\\\/wp-content\\\/uploads\\\/Kopfzeile_ueber-uns_Leichte-Sprache_1200x500.png\",\"datePublished\":\"2015-10-07T17:11:55+00:00\",\"dateModified\":\"2023-03-24T15:16:05+00:00\",\"description\":\"Wir sind ein Inklusions-Unternehmen. Das bedeutet: Menschen mit und ohne Behinderungen arbeiten gemeinsam.\",\"breadcrumb\":{\"@id\":\"https:\\\/\\\/www.pasodoble.de\\\/ueber-uns\\\/#breadcrumb\"},\"inLanguage\":\"de-LEICHT\",\"potentialAction\":[{\"@type\":\"ReadAction\",\"target\":[\"https:\\\/\\\/www.pasodoble.de\\\/ueber-uns\\\/\"]}]},{\"@type\":\"ImageObject\",\"inLanguage\":\"de-LEICHT\",\"@id\":\"https:\\\/\\\/www.pasodoble.de\\\/ueber-uns\\\/#primaryimage\",\"url\":\"https:\\\/\\\/www.pasodoble.de\\\/wp-content\\\/uploads\\\/Kopfzeile_ueber-uns_Leichte-Sprache_1200x500.png\",\"contentUrl\":\"https:\\\/\\\/www.pasodoble.de\\\/wp-content\\\/uploads\\\/Kopfzeile_ueber-uns_Leichte-Sprache_1200x500.png\",\"width\":1200,\"height\":500,\"caption\":\"Zeichen f\u00fcr Leichte Sprache, daneben roter Hintergrund, weisses Symbol kleines i in einem Kreis\"},{\"@type\":\"BreadcrumbList\",\"@id\":\"https:\\\/\\\/www.pasodoble.de\\\/ueber-uns\\\/#breadcrumb\",\"itemListElement\":[{\"@type\":\"ListItem\",\"position\":1,\"name\":\"Start\",\"item\":\"https:\\\/\\\/www.pasodoble.de\\\/leicht\\\/\"},{\"@type\":\"ListItem\",\"position\":2,\"name\":\"\u00dcber uns\"}]},{\"@type\":\"WebSite\",\"@id\":\"https:\\\/\\\/www.pasodoble.de\\\/#website\",\"url\":\"https:\\\/\\\/www.pasodoble.de\\\/\",\"name\":\"paso doble\",\"description\":\"Inklusionsunternehmen\",\"potentialAction\":[{\"@type\":\"SearchAction\",\"target\":{\"@type\":\"EntryPoint\",\"urlTemplate\":\"https:\\\/\\\/www.pasodoble.de\\\/?s={search_term_string}\"},\"query-input\":{\"@type\":\"PropertyValueSpecification\",\"valueRequired\":true,\"valueName\":\"search_term_string\"}}],\"inLanguage\":\"de-LEICHT\"}]}<\/script>\n<!-- \/ Yoast SEO plugin. -->","yoast_head_json":{"title":"Wir k\u00fcmmern uns um gute Arbeits-Pl\u00e4tze!","description":"Wir sind ein Inklusions-Unternehmen. Das bedeutet: Menschen mit und ohne Behinderungen arbeiten gemeinsam.","robots":{"index":"index","follow":"follow","max-snippet":"max-snippet:-1","max-image-preview":"max-image-preview:large","max-video-preview":"max-video-preview:-1"},"canonical":"https:\/\/www.pasodoble.de\/ueber-uns\/","og_locale":"de_DE","og_type":"article","og_title":"Wir k\u00fcmmern uns um gute Arbeits-Pl\u00e4tze!","og_description":"Wir sind ein Inklusions-Unternehmen. Das bedeutet: Menschen mit und ohne Behinderungen arbeiten gemeinsam.","og_url":"https:\/\/www.pasodoble.de\/ueber-uns\/","og_site_name":"paso doble","article_modified_time":"2023-03-24T15:16:05+00:00","og_image":[{"width":1200,"height":500,"url":"https:\/\/www.pasodoble.de\/wp-content\/uploads\/Kopfzeile_ueber-uns_Leichte-Sprache_1200x500.png","type":"image\/png"}],"twitter_card":"summary_large_image","twitter_misc":{"Est. reading time":"3 minutes"},"schema":{"@context":"https:\/\/schema.org","@graph":[{"@type":"WebPage","@id":"https:\/\/www.pasodoble.de\/ueber-uns\/","url":"https:\/\/www.pasodoble.de\/ueber-uns\/","name":"Wir k\u00fcmmern uns um gute Arbeits-Pl\u00e4tze!","isPartOf":{"@id":"https:\/\/www.pasodoble.de\/#website"},"primaryImageOfPage":{"@id":"https:\/\/www.pasodoble.de\/ueber-uns\/#primaryimage"},"image":{"@id":"https:\/\/www.pasodoble.de\/ueber-uns\/#primaryimage"},"thumbnailUrl":"https:\/\/www.pasodoble.de\/wp-content\/uploads\/Kopfzeile_ueber-uns_Leichte-Sprache_1200x500.png","datePublished":"2015-10-07T17:11:55+00:00","dateModified":"2023-03-24T15:16:05+00:00","description":"Wir sind ein Inklusions-Unternehmen. Das bedeutet: Menschen mit und ohne Behinderungen arbeiten gemeinsam.","breadcrumb":{"@id":"https:\/\/www.pasodoble.de\/ueber-uns\/#breadcrumb"},"inLanguage":"de-LEICHT","potentialAction":[{"@type":"ReadAction","target":["https:\/\/www.pasodoble.de\/ueber-uns\/"]}]},{"@type":"ImageObject","inLanguage":"de-LEICHT","@id":"https:\/\/www.pasodoble.de\/ueber-uns\/#primaryimage","url":"https:\/\/www.pasodoble.de\/wp-content\/uploads\/Kopfzeile_ueber-uns_Leichte-Sprache_1200x500.png","contentUrl":"https:\/\/www.pasodoble.de\/wp-content\/uploads\/Kopfzeile_ueber-uns_Leichte-Sprache_1200x500.png","width":1200,"height":500,"caption":"Zeichen f\u00fcr Leichte Sprache, daneben roter Hintergrund, weisses Symbol kleines i in einem Kreis"},{"@type":"BreadcrumbList","@id":"https:\/\/www.pasodoble.de\/ueber-uns\/#breadcrumb","itemListElement":[{"@type":"ListItem","position":1,"name":"Start","item":"https:\/\/www.pasodoble.de\/leicht\/"},{"@type":"ListItem","position":2,"name":"\u00dcber uns"}]},{"@type":"WebSite","@id":"https:\/\/www.pasodoble.de\/#website","url":"https:\/\/www.pasodoble.de\/","name":"paso doble","description":"Inklusionsunternehmen","potentialAction":[{"@type":"SearchAction","target":{"@type":"EntryPoint","urlTemplate":"https:\/\/www.pasodoble.de\/?s={search_term_string}"},"query-input":{"@type":"PropertyValueSpecification","valueRequired":true,"valueName":"search_term_string"}}],"inLanguage":"de-LEICHT"}]}},"publishpress_future_action":{"enabled":false,"date":"2026-05-10 06:08:54","action":"change-status","newStatus":"draft","terms":[],"taxonomy":"translation_priority","extraData":[]},"publishpress_future_workflow_manual_trigger":{"enabledWorkflows":[]},"_links":{"self":[{"href":"https:\/\/www.pasodoble.de\/leicht\/wp-json\/wp\/v2\/pages\/72033","targetHints":{"allow":["GET"]}}],"collection":[{"href":"https:\/\/www.pasodoble.de\/leicht\/wp-json\/wp\/v2\/pages"}],"about":[{"href":"https:\/\/www.pasodoble.de\/leicht\/wp-json\/wp\/v2\/types\/page"}],"author":[{"embeddable":true,"href":"https:\/\/www.pasodoble.de\/leicht\/wp-json\/wp\/v2\/users\/1"}],"replies":[{"embeddable":true,"href":"https:\/\/www.pasodoble.de\/leicht\/wp-json\/wp\/v2\/comments?post=72033"}],"version-history":[{"count":32,"href":"https:\/\/www.pasodoble.de\/leicht\/wp-json\/wp\/v2\/pages\/72033\/revisions"}],"predecessor-version":[{"id":74799,"href":"https:\/\/www.pasodoble.de\/leicht\/wp-json\/wp\/v2\/pages\/72033\/revisions\/74799"}],"wp:featuredmedia":[{"embeddable":true,"href":"https:\/\/www.pasodoble.de\/leicht\/wp-json\/wp\/v2\/media\/72857"}],"wp:attachment":[{"href":"https:\/\/www.pasodoble.de\/leicht\/wp-json\/wp\/v2\/media?parent=72033"}],"curies":[{"name":"wp","href":"https:\/\/api.w.org\/{rel}","templated":true}]}}